{"id":6332,"date":"2025-09-17T13:24:38","date_gmt":"2025-09-17T13:24:38","guid":{"rendered":"https:\/\/nscfdcnew.chaus.ca\/?page_id=6332"},"modified":"2025-10-06T15:40:05","modified_gmt":"2025-10-06T19:40:05","slug":"news-events","status":"publish","type":"page","link":"https:\/\/nscfdcnew.chaus.ca\/fr\/news-events\/","title":{"rendered":"Ressources, actualit\u00e9s et \u00e9v\u00e9nements"},"content":{"rendered":"<div data-elementor-type=\"wp-page\" data-elementor-id=\"6332\" class=\"elementor elementor-6332\">\n\t\t\t\t<div class=\"elementor-element elementor-element-c34017d e-con-full qodef-elementor-content-grid e-flex e-con e-parent\" data-id=\"c34017d\" data-element_type=\"container\">\n\t\t<div class=\"elementor-element elementor-element-03e04c1 e-con-full e-flex e-con e-child\" data-id=\"03e04c1\" data-element_type=\"container\">\n\t\t\t\t<div class=\"elementor-element elementor-element-0013e66 elementor-widget-mobile__width-initial elementor-widget elementor-widget-startpro_core_section_title\" data-id=\"0013e66\" data-element_type=\"widget\" data-widget_type=\"startpro_core_section_title.default\">\n\t\t\t\t<div class=\"elementor-widget-container\">\n\t\t\t\t\t<div class=\"qodef-shortcode qodef-m  qodef-section-title qodef-alignment--left\">\n\t\t<h2 class=\"qodef-m-title\" >\n\t\t\t\t\t\u00c9v\u00e9nements. Mises \u00e0 jour. Perspectives.\t\t\t<\/h2>\n\t\t<p class=\"qodef-m-description\" >\n\t\t\n\nLaissez-vous inspirer, restez inform\u00e9 et ne manquez jamais une occasion. Des prochains ateliers et s\u00e9ances de formation aux annonces de financement, en passant par les exemples de r\u00e9ussite et les conseils d'experts, c'est ici que nous partageons les nouvelles et les \u00e9v\u00e9nements qui comptent pour votre entreprise.\nRevenez souvent pour d\u00e9couvrir des id\u00e9es pratiques, les points forts de la communaut\u00e9 et de nouvelles fa\u00e7ons de faire progresser votre entreprise.\n\t<\/p>\n<\/div>\n\t\t\t\t<\/div>\n\t\t\t\t<\/div>\n\t\t\t\t<\/div>\n\t\t\t\t<\/div>\n\t\t<div class=\"elementor-element elementor-element-d084d15 e-flex e-con-boxed e-con e-parent\" data-id=\"d084d15\" data-element_type=\"container\">\n\t\t\t\t\t<div class=\"e-con-inner\">\n\t\t\t\t<div class=\"elementor-element elementor-element-b845cfa elementor-widget elementor-widget-qi_addons_for_elementor_blog_list\" data-id=\"b845cfa\" data-element_type=\"widget\" data-widget_type=\"qi_addons_for_elementor_blog_list.default\">\n\t\t\t\t<div class=\"elementor-widget-container\">\n\t\t\t\t\t<div class=\"qodef-shortcode qodef-m qodef-addons-blog-list qodef-info-no-icons qodef-image--hover-zoom qodef-qi-grid qodef-layout--qi-columns qodef-col-num--2 qodef-item-layout--boxed qodef-responsive--predefined\" >\n\t<div class=\"qodef-grid-inner\">\n\t\t<article class=\"qodef-e qodef-blog-item qodef-grid-item qodef-item--square post-6490 post type-post status-publish format-standard has-post-thumbnail hentry category-business\">\n\t<div class=\"qodef-e-inner\">\n\t\t<div class=\"qodef-e-media-holder\">\n\t\t\t<div class=\"qodef-e-media\">\n\t\t<div class=\"qodef-e-media-image\">\n\t\t<a itemprop=\"url\" href=\"https:\/\/nscfdcnew.chaus.ca\/fr\/5-tips-for-building-a-strong-brand-for-your-business\/\">\n\t\t\t<img fetchpriority=\"high\" decoding=\"async\" width=\"650\" height=\"650\" src=\"https:\/\/nscfdcnew.chaus.ca\/wp-content\/uploads\/2025\/07\/pexels-jopwell-2422293-650x650.jpg\" class=\"attachment-qi_addons_for_elementor_image_size_square size-qi_addons_for_elementor_image_size_square\" alt=\"\" srcset=\"https:\/\/nscfdcnew.chaus.ca\/wp-content\/uploads\/2025\/07\/pexels-jopwell-2422293-650x650.jpg 650w, https:\/\/nscfdcnew.chaus.ca\/wp-content\/uploads\/2025\/07\/pexels-jopwell-2422293-150x150.jpg 150w, https:\/\/nscfdcnew.chaus.ca\/wp-content\/uploads\/2025\/07\/pexels-jopwell-2422293-1300x1300.jpg 1300w, https:\/\/nscfdcnew.chaus.ca\/wp-content\/uploads\/2025\/07\/pexels-jopwell-2422293-300x300.jpg 300w, https:\/\/nscfdcnew.chaus.ca\/wp-content\/uploads\/2025\/07\/pexels-jopwell-2422293-100x100.jpg 100w\" sizes=\"(max-width: 650px) 100vw, 650px\" \/>\t\t<\/a>\n\t\t\t<\/div>\n<\/div>\n\t\t<\/div>\n\t\t<div class=\"qodef-e-content\">\n\t\t\t\t\t\t\t<div class=\"qodef-e-info qodef-info--top\">\n\t\t\t\t\t<div class=\"qodef-e-info-item qodef-e-info-category\">\n\t\t<a href=\"https:\/\/nscfdcnew.chaus.ca\/fr\/category\/business\/\" rel=\"category tag\">Entreprises<\/a><\/div>\n\t\t\t\t<\/div>\n\t\t\t\t\t\t<div class=\"qodef-e-text\">\n\t\t\t\t<h3 itemprop=\"name\" class=\"qodef-e-title entry-title\">\n\t<a itemprop=\"url\" class=\"qodef-e-title-link\" href=\"https:\/\/nscfdcnew.chaus.ca\/fr\/5-tips-for-building-a-strong-brand-for-your-business\/\">\n\t\t5 conseils pour cr\u00e9er une marque forte pour votre entreprise\t<\/a>\n<\/h3>\n\t\t<p itemprop=\"description\" class=\"qodef-e-excerpt\">\n\t\t\tVotre marque est plus qu'un logo ou un nom - c'est la fa\u00e7on dont les gens per\u00e7oivent et se souviennent de votre entreprise.\t\t<\/p>\n\t\t\t\t<\/div>\n\t\t\t\t\t\t\t<div class=\"qodef-e-info qodef-info--bottom\">\n\t\t\t\t\t\t<div class=\"qodef-e-read-more\">\n\t\t<a class=\"qodef-shortcode qodef-m qodef-qi-button qodef-html--link qodef-layout--textual qodef-type--standard qodef-icon--right qodef-hover--icon-move-horizontal-short\" href=\"https:\/\/nscfdcnew.chaus.ca\/fr\/5-tips-for-building-a-strong-brand-for-your-business\/\" target=\"_self\">\t<span class=\"qodef-m-text\">Lire la suite<\/span>\t<\/a>\t<\/div>\n\t\t\t\t<\/div>\n\t\t\t\t\t<\/div>\n\t<\/div>\n<\/article>\n<article class=\"qodef-e qodef-blog-item qodef-grid-item qodef-item--square post-6480 post type-post status-publish format-standard has-post-thumbnail hentry category-resources\">\n\t<div class=\"qodef-e-inner\">\n\t\t<div class=\"qodef-e-media-holder\">\n\t\t\t<div class=\"qodef-e-media\">\n\t\t<div class=\"qodef-e-media-image\">\n\t\t<a itemprop=\"url\" href=\"https:\/\/nscfdcnew.chaus.ca\/fr\/5-ways-a-business-coach-can-help-you-grow-your-business\/\">\n\t\t\t<img decoding=\"async\" width=\"650\" height=\"650\" src=\"https:\/\/nscfdcnew.chaus.ca\/wp-content\/uploads\/2024\/10\/business-coach-1-650x650.png\" class=\"attachment-qi_addons_for_elementor_image_size_square size-qi_addons_for_elementor_image_size_square\" alt=\"\" srcset=\"https:\/\/nscfdcnew.chaus.ca\/wp-content\/uploads\/2024\/10\/business-coach-1-650x650.png 650w, https:\/\/nscfdcnew.chaus.ca\/wp-content\/uploads\/2024\/10\/business-coach-1-150x150.png 150w, https:\/\/nscfdcnew.chaus.ca\/wp-content\/uploads\/2024\/10\/business-coach-1-300x300.png 300w, https:\/\/nscfdcnew.chaus.ca\/wp-content\/uploads\/2024\/10\/business-coach-1-100x100.png 100w\" sizes=\"(max-width: 650px) 100vw, 650px\" \/>\t\t<\/a>\n\t\t\t<\/div>\n<\/div>\n\t\t<\/div>\n\t\t<div class=\"qodef-e-content\">\n\t\t\t\t\t\t\t<div class=\"qodef-e-info qodef-info--top\">\n\t\t\t\t\t<div class=\"qodef-e-info-item qodef-e-info-category\">\n\t\t<a href=\"https:\/\/nscfdcnew.chaus.ca\/fr\/category\/resources\/\" rel=\"category tag\">Ressources<\/a><\/div>\n\t\t\t\t<\/div>\n\t\t\t\t\t\t<div class=\"qodef-e-text\">\n\t\t\t\t<h3 itemprop=\"name\" class=\"qodef-e-title entry-title\">\n\t<a itemprop=\"url\" class=\"qodef-e-title-link\" href=\"https:\/\/nscfdcnew.chaus.ca\/fr\/5-ways-a-business-coach-can-help-you-grow-your-business\/\">\n\t\t5 fa\u00e7ons dont un coach peut faire cro\u00eetre votre entreprise\t<\/a>\n<\/h3>\n\t\t<p itemprop=\"description\" class=\"qodef-e-excerpt\">\n\t\t\tDiriger une petite entreprise signifie souvent trouver des solutions au fur et \u00e0 mesure. Mais vous n'\u00eates pas oblig\u00e9 de faire cavalier seul.\t\t<\/p>\n\t\t\t\t<\/div>\n\t\t\t\t\t\t\t<div class=\"qodef-e-info qodef-info--bottom\">\n\t\t\t\t\t\t<div class=\"qodef-e-read-more\">\n\t\t<a class=\"qodef-shortcode qodef-m qodef-qi-button qodef-html--link qodef-layout--textual qodef-type--standard qodef-icon--right qodef-hover--icon-move-horizontal-short\" href=\"https:\/\/nscfdcnew.chaus.ca\/fr\/5-ways-a-business-coach-can-help-you-grow-your-business\/\" target=\"_self\">\t<span class=\"qodef-m-text\">Lire la suite<\/span>\t<\/a>\t<\/div>\n\t\t\t\t<\/div>\n\t\t\t\t\t<\/div>\n\t<\/div>\n<\/article>\n<article class=\"qodef-e qodef-blog-item qodef-grid-item qodef-item--square post-6471 post type-post status-publish format-standard has-post-thumbnail hentry category-real-life-tips\">\n\t<div class=\"qodef-e-inner\">\n\t\t<div class=\"qodef-e-media-holder\">\n\t\t\t<div class=\"qodef-e-media\">\n\t\t<div class=\"qodef-e-media-image\">\n\t\t<a itemprop=\"url\" href=\"https:\/\/nscfdcnew.chaus.ca\/fr\/the-entrepreneurs-guide-to-work-life-balance\/\">\n\t\t\t<img decoding=\"async\" width=\"650\" height=\"650\" src=\"https:\/\/nscfdcnew.chaus.ca\/wp-content\/uploads\/2025\/07\/pexels-tobiasbjorkli-3022020-650x650.jpg\" class=\"attachment-qi_addons_for_elementor_image_size_square size-qi_addons_for_elementor_image_size_square\" alt=\"\" srcset=\"https:\/\/nscfdcnew.chaus.ca\/wp-content\/uploads\/2025\/07\/pexels-tobiasbjorkli-3022020-650x650.jpg 650w, https:\/\/nscfdcnew.chaus.ca\/wp-content\/uploads\/2025\/07\/pexels-tobiasbjorkli-3022020-150x150.jpg 150w, https:\/\/nscfdcnew.chaus.ca\/wp-content\/uploads\/2025\/07\/pexels-tobiasbjorkli-3022020-1300x1300.jpg 1300w, https:\/\/nscfdcnew.chaus.ca\/wp-content\/uploads\/2025\/07\/pexels-tobiasbjorkli-3022020-300x300.jpg 300w, https:\/\/nscfdcnew.chaus.ca\/wp-content\/uploads\/2025\/07\/pexels-tobiasbjorkli-3022020-100x100.jpg 100w\" sizes=\"(max-width: 650px) 100vw, 650px\" \/>\t\t<\/a>\n\t\t\t<\/div>\n<\/div>\n\t\t<\/div>\n\t\t<div class=\"qodef-e-content\">\n\t\t\t\t\t\t\t<div class=\"qodef-e-info qodef-info--top\">\n\t\t\t\t\t<div class=\"qodef-e-info-item qodef-e-info-category\">\n\t\t<a href=\"https:\/\/nscfdcnew.chaus.ca\/fr\/category\/real-life-tips\/\" rel=\"category tag\">Conseils pour la vie r\u00e9elle<\/a><\/div>\n\t\t\t\t<\/div>\n\t\t\t\t\t\t<div class=\"qodef-e-text\">\n\t\t\t\t<h3 itemprop=\"name\" class=\"qodef-e-title entry-title\">\n\t<a itemprop=\"url\" class=\"qodef-e-title-link\" href=\"https:\/\/nscfdcnew.chaus.ca\/fr\/the-entrepreneurs-guide-to-work-life-balance\/\">\n\t\tLe guide de l'entrepreneur pour l'\u00e9quilibre entre vie professionnelle et vie priv\u00e9e\t<\/a>\n<\/h3>\n\t\t<p itemprop=\"description\" class=\"qodef-e-excerpt\">\n\t\t\tDiriger sa propre entreprise offre une libert\u00e9 et des possibilit\u00e9s incroyables, mais sans un solide \u00e9quilibre entre vie professionnelle et vie priv\u00e9e, cela peut rapidement conduire \u00e0 l'\u00e9puisement.\t\t<\/p>\n\t\t\t\t<\/div>\n\t\t\t\t\t\t\t<div class=\"qodef-e-info qodef-info--bottom\">\n\t\t\t\t\t\t<div class=\"qodef-e-read-more\">\n\t\t<a class=\"qodef-shortcode qodef-m qodef-qi-button qodef-html--link qodef-layout--textual qodef-type--standard qodef-icon--right qodef-hover--icon-move-horizontal-short\" href=\"https:\/\/nscfdcnew.chaus.ca\/fr\/the-entrepreneurs-guide-to-work-life-balance\/\" target=\"_self\">\t<span class=\"qodef-m-text\">Lire la suite<\/span>\t<\/a>\t<\/div>\n\t\t\t\t<\/div>\n\t\t\t\t\t<\/div>\n\t<\/div>\n<\/article>\n<article class=\"qodef-e qodef-blog-item qodef-grid-item qodef-item--square post-3500 post type-post status-publish format-standard has-post-thumbnail hentry category-consulting\">\n\t<div class=\"qodef-e-inner\">\n\t\t<div class=\"qodef-e-media-holder\">\n\t\t\t<div class=\"qodef-e-media\">\n\t\t<div class=\"qodef-e-media-image\">\n\t\t<a itemprop=\"url\" href=\"https:\/\/nscfdcnew.chaus.ca\/fr\/setting-business-goals-that-actually-work\/\">\n\t\t\t<img loading=\"lazy\" decoding=\"async\" width=\"650\" height=\"650\" src=\"https:\/\/nscfdcnew.chaus.ca\/wp-content\/uploads\/2024\/10\/pexels-buro-millennial-636760-1438081-650x650.jpg\" class=\"attachment-qi_addons_for_elementor_image_size_square size-qi_addons_for_elementor_image_size_square\" alt=\"\" srcset=\"https:\/\/nscfdcnew.chaus.ca\/wp-content\/uploads\/2024\/10\/pexels-buro-millennial-636760-1438081-650x650.jpg 650w, https:\/\/nscfdcnew.chaus.ca\/wp-content\/uploads\/2024\/10\/pexels-buro-millennial-636760-1438081-150x150.jpg 150w, https:\/\/nscfdcnew.chaus.ca\/wp-content\/uploads\/2024\/10\/pexels-buro-millennial-636760-1438081-1300x1300.jpg 1300w, https:\/\/nscfdcnew.chaus.ca\/wp-content\/uploads\/2024\/10\/pexels-buro-millennial-636760-1438081-300x300.jpg 300w, https:\/\/nscfdcnew.chaus.ca\/wp-content\/uploads\/2024\/10\/pexels-buro-millennial-636760-1438081-100x100.jpg 100w\" sizes=\"(max-width: 650px) 100vw, 650px\" \/>\t\t<\/a>\n\t\t\t<\/div>\n<\/div>\n\t\t<\/div>\n\t\t<div class=\"qodef-e-content\">\n\t\t\t\t\t\t\t<div class=\"qodef-e-info qodef-info--top\">\n\t\t\t\t\t<div class=\"qodef-e-info-item qodef-e-info-category\">\n\t\t<a href=\"https:\/\/nscfdcnew.chaus.ca\/fr\/category\/consulting\/\" rel=\"category tag\">Conseil<\/a><\/div>\n\t\t\t\t<\/div>\n\t\t\t\t\t\t<div class=\"qodef-e-text\">\n\t\t\t\t<h3 itemprop=\"name\" class=\"qodef-e-title entry-title\">\n\t<a itemprop=\"url\" class=\"qodef-e-title-link\" href=\"https:\/\/nscfdcnew.chaus.ca\/fr\/setting-business-goals-that-actually-work\/\">\n\t\tFixer des objectifs commerciaux qui fonctionnent vraiment\t<\/a>\n<\/h3>\n\t\t<p itemprop=\"description\" class=\"qodef-e-excerpt\">\n\t\t\tSe fixer des objectifs semble \u00eatre une chose que tout entrepreneur devrait faire, mais lorsqu'on est occup\u00e9 \u00e0 g\u00e9rer le quotidien, c'est souvent la premi\u00e8re chose qui passe \u00e0 la trappe.\t\t<\/p>\n\t\t\t\t<\/div>\n\t\t\t\t\t\t\t<div class=\"qodef-e-info qodef-info--bottom\">\n\t\t\t\t\t\t<div class=\"qodef-e-read-more\">\n\t\t<a class=\"qodef-shortcode qodef-m qodef-qi-button qodef-html--link qodef-layout--textual qodef-type--standard qodef-icon--right qodef-hover--icon-move-horizontal-short\" href=\"https:\/\/nscfdcnew.chaus.ca\/fr\/setting-business-goals-that-actually-work\/\" target=\"_self\">\t<span class=\"qodef-m-text\">Lire la suite<\/span>\t<\/a>\t<\/div>\n\t\t\t\t<\/div>\n\t\t\t\t\t<\/div>\n\t<\/div>\n<\/article>\n\t<\/div>\n\t<\/div>\n\t\t\t\t<\/div>\n\t\t\t\t<\/div>\n\t\t\t\t\t<\/div>\n\t\t\t\t<\/div>\n\t\t\t\t<\/div>","protected":false},"excerpt":{"rendered":"<p>Events. Updates. Insights. Get inspired, stay informed, and never miss an opportunity. From upcoming workshops and training sessions to funding announcements, success stories, and expert tips, this is where we share the news and events that matter to your business. Check back often for practical insights, community highlights, and new ways to move your business [&hellip;]<\/p>","protected":false},"author":1,"featured_media":0,"parent":0,"menu_order":0,"comment_status":"closed","ping_status":"closed","template":"page-full-width.php","meta":{"footnotes":""},"class_list":["post-6332","page","type-page","status-publish","hentry"],"yoast_head":"<!-- This site is optimized with the Yoast SEO plugin v26.0 - https:\/\/yoast.com\/wordpress\/plugins\/seo\/ -->\n<title>Resources, News &amp; Events - North Simcoe Business Centre | Mentorship. Support. Loans.<\/title>\n<meta name=\"description\" content=\"Get inspired, stay informed, and never miss an opportunity. From upcoming workshops and training sessions to funding announcements, success stories, and expert tips, this is where we share the news and events that matter to your business.\" \/>\n<meta name=\"robots\" content=\"index, follow, max-snippet:-1, max-image-preview:large, max-video-preview:-1\" \/>\n<link rel=\"canonical\" href=\"https:\/\/nscfdcnew.chaus.ca\/fr\/news-events\/\" \/>\n<meta property=\"og:locale\" content=\"fr_FR\" \/>\n<meta property=\"og:type\" content=\"article\" \/>\n<meta property=\"og:title\" content=\"Resources, News &amp; Events - North Simcoe Business Centre | Mentorship. Support. Loans.\" \/>\n<meta property=\"og:description\" content=\"Get inspired, stay informed, and never miss an opportunity. From upcoming workshops and training sessions to funding announcements, success stories, and expert tips, this is where we share the news and events that matter to your business.\" \/>\n<meta property=\"og:url\" content=\"https:\/\/nscfdcnew.chaus.ca\/fr\/news-events\/\" \/>\n<meta property=\"og:site_name\" content=\"North Simcoe Business Centre | Mentorship. Support. Loans.\" \/>\n<meta property=\"article:modified_time\" content=\"2025-10-06T19:40:05+00:00\" \/>\n<meta property=\"og:image\" content=\"https:\/\/nscfdcnew.chaus.ca\/wp-content\/uploads\/2024\/10\/pexels-buro-millennial-636760-1438081-650x650.jpg\" \/>\n<meta name=\"twitter:card\" content=\"summary_large_image\" \/>\n<meta name=\"twitter:label1\" content=\"Dur\u00e9e de lecture estim\u00e9e\" \/>\n\t<meta name=\"twitter:data1\" content=\"2 minutes\" \/>\n<script type=\"application\/ld+json\" class=\"yoast-schema-graph\">{\"@context\":\"https:\/\/schema.org\",\"@graph\":[{\"@type\":\"WebPage\",\"@id\":\"https:\/\/nscfdcnew.chaus.ca\/news-events\/\",\"url\":\"https:\/\/nscfdcnew.chaus.ca\/news-events\/\",\"name\":\"Resources, News &amp; Events - North Simcoe Business Centre | Mentorship. Support. Loans.\",\"isPartOf\":{\"@id\":\"https:\/\/nscfdcnew.chaus.ca\/#website\"},\"primaryImageOfPage\":{\"@id\":\"https:\/\/nscfdcnew.chaus.ca\/news-events\/#primaryimage\"},\"image\":{\"@id\":\"https:\/\/nscfdcnew.chaus.ca\/news-events\/#primaryimage\"},\"thumbnailUrl\":\"https:\/\/nscfdcnew.chaus.ca\/wp-content\/uploads\/2024\/10\/pexels-buro-millennial-636760-1438081-650x650.jpg\",\"datePublished\":\"2025-09-17T13:24:38+00:00\",\"dateModified\":\"2025-10-06T19:40:05+00:00\",\"description\":\"Get inspired, stay informed, and never miss an opportunity. From upcoming workshops and training sessions to funding announcements, success stories, and expert tips, this is where we share the news and events that matter to your business.\",\"breadcrumb\":{\"@id\":\"https:\/\/nscfdcnew.chaus.ca\/news-events\/#breadcrumb\"},\"inLanguage\":\"fr-FR\",\"potentialAction\":[{\"@type\":\"ReadAction\",\"target\":[\"https:\/\/nscfdcnew.chaus.ca\/news-events\/\"]}]},{\"@type\":\"ImageObject\",\"inLanguage\":\"fr-FR\",\"@id\":\"https:\/\/nscfdcnew.chaus.ca\/news-events\/#primaryimage\",\"url\":\"https:\/\/nscfdcnew.chaus.ca\/wp-content\/uploads\/2024\/10\/pexels-buro-millennial-636760-1438081-650x650.jpg\",\"contentUrl\":\"https:\/\/nscfdcnew.chaus.ca\/wp-content\/uploads\/2024\/10\/pexels-buro-millennial-636760-1438081-650x650.jpg\"},{\"@type\":\"BreadcrumbList\",\"@id\":\"https:\/\/nscfdcnew.chaus.ca\/news-events\/#breadcrumb\",\"itemListElement\":[{\"@type\":\"ListItem\",\"position\":1,\"name\":\"Home\",\"item\":\"https:\/\/nscfdcnew.chaus.ca\/\"},{\"@type\":\"ListItem\",\"position\":2,\"name\":\"Resources, News &amp; Events\"}]},{\"@type\":\"WebSite\",\"@id\":\"https:\/\/nscfdcnew.chaus.ca\/#website\",\"url\":\"https:\/\/nscfdcnew.chaus.ca\/\",\"name\":\"North Simcoe Business Centre | Mentorship. Support. Loans.\",\"description\":\"Where Small Businesses Start, Grow, and Succeed\",\"potentialAction\":[{\"@type\":\"SearchAction\",\"target\":{\"@type\":\"EntryPoint\",\"urlTemplate\":\"https:\/\/nscfdcnew.chaus.ca\/?s={search_term_string}\"},\"query-input\":{\"@type\":\"PropertyValueSpecification\",\"valueRequired\":true,\"valueName\":\"search_term_string\"}}],\"inLanguage\":\"fr-FR\"}]}<\/script>\n<!-- \/ Yoast SEO plugin. -->","yoast_head_json":{"title":"Resources, News &amp; Events - North Simcoe Business Centre | Mentorship. Support. Loans.","description":"Get inspired, stay informed, and never miss an opportunity. From upcoming workshops and training sessions to funding announcements, success stories, and expert tips, this is where we share the news and events that matter to your business.","robots":{"index":"index","follow":"follow","max-snippet":"max-snippet:-1","max-image-preview":"max-image-preview:large","max-video-preview":"max-video-preview:-1"},"canonical":"https:\/\/nscfdcnew.chaus.ca\/fr\/news-events\/","og_locale":"fr_FR","og_type":"article","og_title":"Resources, News &amp; Events - North Simcoe Business Centre | Mentorship. Support. Loans.","og_description":"Get inspired, stay informed, and never miss an opportunity. From upcoming workshops and training sessions to funding announcements, success stories, and expert tips, this is where we share the news and events that matter to your business.","og_url":"https:\/\/nscfdcnew.chaus.ca\/fr\/news-events\/","og_site_name":"North Simcoe Business Centre | Mentorship. Support. Loans.","article_modified_time":"2025-10-06T19:40:05+00:00","og_image":[{"url":"https:\/\/nscfdcnew.chaus.ca\/wp-content\/uploads\/2024\/10\/pexels-buro-millennial-636760-1438081-650x650.jpg","type":"","width":"","height":""}],"twitter_card":"summary_large_image","twitter_misc":{"Dur\u00e9e de lecture estim\u00e9e":"2 minutes"},"schema":{"@context":"https:\/\/schema.org","@graph":[{"@type":"WebPage","@id":"https:\/\/nscfdcnew.chaus.ca\/news-events\/","url":"https:\/\/nscfdcnew.chaus.ca\/news-events\/","name":"Resources, News &amp; Events - North Simcoe Business Centre | Mentorship. Support. Loans.","isPartOf":{"@id":"https:\/\/nscfdcnew.chaus.ca\/#website"},"primaryImageOfPage":{"@id":"https:\/\/nscfdcnew.chaus.ca\/news-events\/#primaryimage"},"image":{"@id":"https:\/\/nscfdcnew.chaus.ca\/news-events\/#primaryimage"},"thumbnailUrl":"https:\/\/nscfdcnew.chaus.ca\/wp-content\/uploads\/2024\/10\/pexels-buro-millennial-636760-1438081-650x650.jpg","datePublished":"2025-09-17T13:24:38+00:00","dateModified":"2025-10-06T19:40:05+00:00","description":"Get inspired, stay informed, and never miss an opportunity. From upcoming workshops and training sessions to funding announcements, success stories, and expert tips, this is where we share the news and events that matter to your business.","breadcrumb":{"@id":"https:\/\/nscfdcnew.chaus.ca\/news-events\/#breadcrumb"},"inLanguage":"fr-FR","potentialAction":[{"@type":"ReadAction","target":["https:\/\/nscfdcnew.chaus.ca\/news-events\/"]}]},{"@type":"ImageObject","inLanguage":"fr-FR","@id":"https:\/\/nscfdcnew.chaus.ca\/news-events\/#primaryimage","url":"https:\/\/nscfdcnew.chaus.ca\/wp-content\/uploads\/2024\/10\/pexels-buro-millennial-636760-1438081-650x650.jpg","contentUrl":"https:\/\/nscfdcnew.chaus.ca\/wp-content\/uploads\/2024\/10\/pexels-buro-millennial-636760-1438081-650x650.jpg"},{"@type":"BreadcrumbList","@id":"https:\/\/nscfdcnew.chaus.ca\/news-events\/#breadcrumb","itemListElement":[{"@type":"ListItem","position":1,"name":"Home","item":"https:\/\/nscfdcnew.chaus.ca\/"},{"@type":"ListItem","position":2,"name":"Resources, News &amp; Events"}]},{"@type":"WebSite","@id":"https:\/\/nscfdcnew.chaus.ca\/#website","url":"https:\/\/nscfdcnew.chaus.ca\/","name":"North Simcoe Business Centre | Mentorship. Support. Loans.","description":"Where Small Businesses Start, Grow, and Succeed","potentialAction":[{"@type":"SearchAction","target":{"@type":"EntryPoint","urlTemplate":"https:\/\/nscfdcnew.chaus.ca\/?s={search_term_string}"},"query-input":{"@type":"PropertyValueSpecification","valueRequired":true,"valueName":"search_term_string"}}],"inLanguage":"fr-FR"}]}},"_links":{"self":[{"href":"https:\/\/nscfdcnew.chaus.ca\/fr\/wp-json\/wp\/v2\/pages\/6332","targetHints":{"allow":["GET"]}}],"collection":[{"href":"https:\/\/nscfdcnew.chaus.ca\/fr\/wp-json\/wp\/v2\/pages"}],"about":[{"href":"https:\/\/nscfdcnew.chaus.ca\/fr\/wp-json\/wp\/v2\/types\/page"}],"author":[{"embeddable":true,"href":"https:\/\/nscfdcnew.chaus.ca\/fr\/wp-json\/wp\/v2\/users\/1"}],"replies":[{"embeddable":true,"href":"https:\/\/nscfdcnew.chaus.ca\/fr\/wp-json\/wp\/v2\/comments?post=6332"}],"version-history":[{"count":11,"href":"https:\/\/nscfdcnew.chaus.ca\/fr\/wp-json\/wp\/v2\/pages\/6332\/revisions"}],"predecessor-version":[{"id":6966,"href":"https:\/\/nscfdcnew.chaus.ca\/fr\/wp-json\/wp\/v2\/pages\/6332\/revisions\/6966"}],"wp:attachment":[{"href":"https:\/\/nscfdcnew.chaus.ca\/fr\/wp-json\/wp\/v2\/media?parent=6332"}],"curies":[{"name":"wp","href":"https:\/\/api.w.org\/{rel}","templated":true}]}}