{"id":6267,"date":"2025-09-16T20:23:42","date_gmt":"2025-09-16T20:23:42","guid":{"rendered":"https:\/\/nscfdcnew.chaus.ca\/?page_id=6267"},"modified":"2025-10-06T15:01:57","modified_gmt":"2025-10-06T19:01:57","slug":"community-partners","status":"publish","type":"page","link":"https:\/\/nscfdcnew.chaus.ca\/fr\/community-partners\/","title":{"rendered":"Partenaires communautaires"},"content":{"rendered":"<div data-elementor-type=\"wp-page\" data-elementor-id=\"6267\" class=\"elementor elementor-6267\">\n\t\t\t\t<div class=\"elementor-element elementor-element-8af047b e-con-full qodef-elementor-content-grid e-flex e-con e-parent\" data-id=\"8af047b\" data-element_type=\"container\">\n\t\t<div class=\"elementor-element elementor-element-2b3a002 e-con-full e-flex e-con e-child\" data-id=\"2b3a002\" data-element_type=\"container\">\n\t\t\t\t<div class=\"elementor-element elementor-element-7fb7ddb elementor-widget__width-inherit elementor-widget elementor-widget-startpro_core_section_title\" data-id=\"7fb7ddb\" data-element_type=\"widget\" data-widget_type=\"startpro_core_section_title.default\">\n\t\t\t\t<div class=\"elementor-widget-container\">\n\t\t\t\t\t<div class=\"qodef-shortcode qodef-m  qodef-section-title qodef-alignment--left\">\n\t\t<h2 class=\"qodef-m-title\" >\n\t\t\t\t\tPlus forts ensemble\t\t\t<\/h2>\n\t<\/div>\n\t\t\t\t<\/div>\n\t\t\t\t<\/div>\n\t\t\t\t<div class=\"elementor-element elementor-element-30fc92c elementor-widget__width-initial elementor-widget elementor-widget-startpro_core_section_title\" data-id=\"30fc92c\" data-element_type=\"widget\" data-widget_type=\"startpro_core_section_title.default\">\n\t\t\t\t<div class=\"elementor-widget-container\">\n\t\t\t\t\t<div class=\"qodef-shortcode qodef-m  qodef-section-title qodef-alignment--left\">\n\t\t\t<span class=\"qodef-m-description\" style=\"margin-top: 0px;color: #002B2B\">\n\t\tLa collaboration est n\u00e9cessaire pour construire une \u00e9conomie r\u00e9siliente. Nous sommes fiers de travailler avec des partenaires r\u00e9gionaux, provinciaux et locaux qui partagent notre engagement en faveur de la r\u00e9ussite des entreprises et du d\u00e9veloppement des communaut\u00e9s.\t<\/span>\n<\/div>\n\t\t\t\t<\/div>\n\t\t\t\t<\/div>\n\t\t\t\t<div class=\"elementor-element elementor-element-6329379 elementor-widget__width-initial elementor-widget elementor-widget-startpro_core_section_title\" data-id=\"6329379\" data-element_type=\"widget\" data-widget_type=\"startpro_core_section_title.default\">\n\t\t\t\t<div class=\"elementor-widget-container\">\n\t\t\t\t\t<div class=\"qodef-shortcode qodef-m  qodef-section-title qodef-alignment--left\">\n\t\t\t<span class=\"qodef-m-description\" style=\"margin-top: 0px;color: #002B2B\">\n\t\tEn combinant les ressources et l'expertise, nous sommes en mesure de cr\u00e9er des programmes et des services qui soutiennent les entrepreneurs et renforcent l'ensemble de la r\u00e9gion.\t<\/span>\n<\/div>\n\t\t\t\t<\/div>\n\t\t\t\t<\/div>\n\t\t\t\t<div class=\"elementor-element elementor-element-7c1e050 elementor-widget__width-initial elementor-widget elementor-widget-startpro_core_section_title\" data-id=\"7c1e050\" data-element_type=\"widget\" data-widget_type=\"startpro_core_section_title.default\">\n\t\t\t\t<div class=\"elementor-widget-container\">\n\t\t\t\t\t<div class=\"qodef-shortcode qodef-m  qodef-section-title qodef-alignment--left\">\n\t\t\t<span class=\"qodef-m-description\" style=\"margin-top: 0px;color: #002B2B\">\n\t\t\nCes partenariats rendent notre travail possible et plus efficace. Ensemble, nous cr\u00e9ons un r\u00e9seau de soutien qui aide les entrepreneurs \u00e0 acc\u00e9der aux outils, au financement et aux conseils dont ils ont besoin pour r\u00e9ussir.\n\t<\/span>\n<\/div>\n\t\t\t\t<\/div>\n\t\t\t\t<\/div>\n\t\t\t\t<\/div>\n\t\t\t\t<\/div>\n\t\t<div class=\"elementor-element elementor-element-0ae13e0 e-flex e-con-boxed e-con e-parent\" data-id=\"0ae13e0\" data-element_type=\"container\">\n\t\t\t\t\t<div class=\"e-con-inner\">\n\t\t\t\t<div class=\"elementor-element elementor-element-a6adbdd elementor-widget elementor-widget-startpro_core_section_title\" data-id=\"a6adbdd\" data-element_type=\"widget\" data-widget_type=\"startpro_core_section_title.default\">\n\t\t\t\t<div class=\"elementor-widget-container\">\n\t\t\t\t\t<div class=\"qodef-shortcode qodef-m  qodef-section-title qodef-alignment--center\">\n\t\t<h3 class=\"qodef-m-title\" >\n\t\t\t\t\tNos partenaires communautaires\t\t\t<\/h3>\n\t<\/div>\n\t\t\t\t<\/div>\n\t\t\t\t<\/div>\n\t\t\t\t\t<\/div>\n\t\t\t\t<\/div>\n\t\t<div class=\"elementor-element elementor-element-27f38f4 e-con-full e-flex e-con e-parent\" data-id=\"27f38f4\" data-element_type=\"container\">\n\t\t<div class=\"elementor-element elementor-element-76e1ab0 e-con-full e-flex e-con e-child\" data-id=\"76e1ab0\" data-element_type=\"container\">\n\t\t\t\t<div class=\"elementor-element elementor-element-332784c elementor-widget__width-initial elementor-widget elementor-widget-startpro_core_clients_list\" data-id=\"332784c\" data-element_type=\"widget\" data-widget_type=\"startpro_core_clients_list.default\">\n\t\t\t\t<div class=\"elementor-widget-container\">\n\t\t\t\t\t<div class=\"qodef-shortcode qodef-m community-partners qodef-clients-list qodef-retina-scaling--yes qodef-grid qodef-layout--columns  qodef-gutter--giant qodef-vertical-gutter--normal qodef-col-num--6 qodef-item-layout--image-only  qodef-responsive--custom qodef-col-num--1512--6 qodef-col-num--1368--6 qodef-col-num--1200--4 qodef-col-num--1024--3 qodef-col-num--880--3 qodef-col-num--680--2 qodef-swiper--show-pagination qodef-hover-animation--fade\" style=\"--qodef-client-initial-opacity: 1;--qodef-client-hover-opacity: .7\">\n\t<div class=\"qodef-grid-inner\">\n\t\t<span class=\"qodef-e qodef-grid-item\">\n\t<span class=\"qodef-e-inner\">\n\t\t\t<span class=\"qodef-e-image\">\n\t\t\t\t\t<a itemprop=\"url\" href=\"https:\/\/cfwesternontario.ca\/\" target=\"_blank\">\n\t\t\t\t\t\t\t\t\t\t\t<span class=\"qodef-e-logo\">\n\t\t\t\t\t\t\t\t\t\t\t<img fetchpriority=\"high\" decoding=\"async\" itemprop=\"image\" src=\"https:\/\/nscfdcnew.chaus.ca\/wp-content\/uploads\/2025\/10\/cfwo-logo.jpg\"\n\t\t\t\t\t\t\t width=\"837\"\n\t\t\t\t\t\t\t height=\"225\"\n\t\t\t\t\t\t\t alt=\"\"\/>\n\t\t\t\t\t\t\t\t\t<\/span>\n\t\t\t\t\t\t\t\t\t\t\t\t\t\t\t<\/a>\n\t\t\t<\/span>\n\t<\/span>\n<\/span>\n<span class=\"qodef-e qodef-grid-item\">\n\t<span class=\"qodef-e-inner\">\n\t\t\t<span class=\"qodef-e-image\">\n\t\t\t\t\t<a itemprop=\"url\" href=\"https:\/\/cfontario.ca\/\" target=\"_blank\">\n\t\t\t\t\t\t\t\t\t\t\t<span class=\"qodef-e-logo\">\n\t\t\t\t\t\t\t\t\t\t\t<img decoding=\"async\" itemprop=\"image\" src=\"https:\/\/nscfdcnew.chaus.ca\/wp-content\/uploads\/2025\/10\/Community-Futures_Logo_Bilingual.jpg\"\n\t\t\t\t\t\t\t width=\"135\"\n\t\t\t\t\t\t\t height=\"43\"\n\t\t\t\t\t\t\t alt=\"\"\/>\n\t\t\t\t\t\t\t\t\t<\/span>\n\t\t\t\t\t\t\t\t\t\t\t\t\t\t\t<\/a>\n\t\t\t<\/span>\n\t<\/span>\n<\/span>\n<span class=\"qodef-e qodef-grid-item\">\n\t<span class=\"qodef-e-inner\">\n\t\t\t<span class=\"qodef-e-image\">\n\t\t\t\t\t<a itemprop=\"url\" href=\"https:\/\/www.investbarrie.ca\/SmallBusinessCentre\" target=\"_blank\">\n\t\t\t\t\t\t\t\t\t\t\t<span class=\"qodef-e-logo\">\n\t\t\t\t\t\t\t\t\t\t\t<img decoding=\"async\" itemprop=\"image\" src=\"https:\/\/nscfdcnew.chaus.ca\/wp-content\/uploads\/2024\/09\/Small-Business-Centre.jpg\"\n\t\t\t\t\t\t\t width=\"290\"\n\t\t\t\t\t\t\t height=\"92\"\n\t\t\t\t\t\t\t alt=\"\"\/>\n\t\t\t\t\t\t\t\t\t<\/span>\n\t\t\t\t\t\t\t\t\t\t\t\t\t\t\t<\/a>\n\t\t\t<\/span>\n\t<\/span>\n<\/span>\n<span class=\"qodef-e qodef-grid-item\">\n\t<span class=\"qodef-e-inner\">\n\t\t\t<span class=\"qodef-e-image\">\n\t\t\t\t\t<a itemprop=\"url\" href=\"https:\/\/southerngeorgianbay.ca\/\" target=\"_blank\">\n\t\t\t\t\t\t\t\t\t\t\t<span class=\"qodef-e-logo\">\n\t\t\t\t\t\t\t\t\t\t\t<img loading=\"lazy\" decoding=\"async\" itemprop=\"image\" src=\"https:\/\/nscfdcnew.chaus.ca\/wp-content\/uploads\/2024\/09\/SGB-CofC-Logo-Trans-for-web-resized.jpg\"\n\t\t\t\t\t\t\t width=\"290\"\n\t\t\t\t\t\t\t height=\"290\"\n\t\t\t\t\t\t\t alt=\"\"\/>\n\t\t\t\t\t\t\t\t\t<\/span>\n\t\t\t\t\t\t\t\t\t\t\t\t\t\t\t<\/a>\n\t\t\t<\/span>\n\t<\/span>\n<\/span>\n<span class=\"qodef-e qodef-grid-item\">\n\t<span class=\"qodef-e-inner\">\n\t\t\t<span class=\"qodef-e-image\">\n\t\t\t\t\t<a itemprop=\"url\" href=\"https:\/\/www.route93.ca\/\" target=\"_blank\">\n\t\t\t\t\t\t\t\t\t\t\t<span class=\"qodef-e-logo\">\n\t\t\t\t\t\t\t\t\t\t\t<img loading=\"lazy\" decoding=\"async\" itemprop=\"image\" src=\"https:\/\/nscfdcnew.chaus.ca\/wp-content\/uploads\/2024\/09\/Route93-Main-Black.png\"\n\t\t\t\t\t\t\t width=\"1250\"\n\t\t\t\t\t\t\t height=\"316\"\n\t\t\t\t\t\t\t alt=\"\"\/>\n\t\t\t\t\t\t\t\t\t<\/span>\n\t\t\t\t\t\t\t\t\t\t\t\t\t\t\t<\/a>\n\t\t\t<\/span>\n\t<\/span>\n<\/span>\n<span class=\"qodef-e qodef-grid-item\">\n\t<span class=\"qodef-e-inner\">\n\t\t\t<span class=\"qodef-e-image\">\n\t\t\t\t\t<a itemprop=\"url\" href=\"https:\/\/www.georgiancollege.ca\/community-alumni\/entrepreneurship-centre\/\" target=\"_blank\">\n\t\t\t\t\t\t\t\t\t\t\t<span class=\"qodef-e-logo\">\n\t\t\t\t\t\t\t\t\t\t\t<img loading=\"lazy\" decoding=\"async\" itemprop=\"image\" src=\"https:\/\/nscfdcnew.chaus.ca\/wp-content\/uploads\/2024\/09\/1641848537821.jpg\"\n\t\t\t\t\t\t\t width=\"290\"\n\t\t\t\t\t\t\t height=\"290\"\n\t\t\t\t\t\t\t alt=\"\"\/>\n\t\t\t\t\t\t\t\t\t<\/span>\n\t\t\t\t\t\t\t\t\t\t\t\t\t\t\t<\/a>\n\t\t\t<\/span>\n\t<\/span>\n<\/span>\n<span class=\"qodef-e qodef-grid-item\">\n\t<span class=\"qodef-e-inner\">\n\t\t\t<span class=\"qodef-e-image\">\n\t\t\t\t\t<a itemprop=\"url\" href=\"https:\/\/simcoe.ca\/\" target=\"_blank\">\n\t\t\t\t\t\t\t\t\t\t\t<span class=\"qodef-e-logo\">\n\t\t\t\t\t\t\t\t\t\t\t<img loading=\"lazy\" decoding=\"async\" itemprop=\"image\" src=\"https:\/\/nscfdcnew.chaus.ca\/wp-content\/uploads\/2024\/09\/rapid-skills-micro-credentials-county-of-simcoe-logo-georgian-college-2022-07-29.jpg\"\n\t\t\t\t\t\t\t width=\"150\"\n\t\t\t\t\t\t\t height=\"75\"\n\t\t\t\t\t\t\t alt=\"\"\/>\n\t\t\t\t\t\t\t\t\t<\/span>\n\t\t\t\t\t\t\t\t\t\t\t\t\t\t\t<\/a>\n\t\t\t<\/span>\n\t<\/span>\n<\/span>\n<span class=\"qodef-e qodef-grid-item\">\n\t<span class=\"qodef-e-inner\">\n\t\t\t<span class=\"qodef-e-image\">\n\t\t\t\t\t<a itemprop=\"url\" href=\"https:\/\/lacle.ca\/\" target=\"_blank\">\n\t\t\t\t\t\t\t\t\t\t\t<span class=\"qodef-e-logo\">\n\t\t\t\t\t\t\t\t\t\t\t<img loading=\"lazy\" decoding=\"async\" itemprop=\"image\" src=\"https:\/\/nscfdcnew.chaus.ca\/wp-content\/uploads\/2024\/09\/Logo-La-Cle-slogan-e1618934764632.jpg\"\n\t\t\t\t\t\t\t width=\"290\"\n\t\t\t\t\t\t\t height=\"290\"\n\t\t\t\t\t\t\t alt=\"\"\/>\n\t\t\t\t\t\t\t\t\t<\/span>\n\t\t\t\t\t\t\t\t\t\t\t\t\t\t\t<\/a>\n\t\t\t<\/span>\n\t<\/span>\n<\/span>\n<span class=\"qodef-e qodef-grid-item\">\n\t<span class=\"qodef-e-inner\">\n\t\t\t<span class=\"qodef-e-image\">\n\t\t\t\t\t<a itemprop=\"url\" href=\"https:\/\/www.ontario.ca\/page\/employment-ontario\" target=\"_blank\">\n\t\t\t\t\t\t\t\t\t\t\t<span class=\"qodef-e-logo\">\n\t\t\t\t\t\t\t\t\t\t\t<img loading=\"lazy\" decoding=\"async\" itemprop=\"image\" src=\"https:\/\/nscfdcnew.chaus.ca\/wp-content\/uploads\/2024\/09\/EO-Logo-bilingual-red-horizontal-with-tagline-and-no-recognition-2.png\"\n\t\t\t\t\t\t\t width=\"290\"\n\t\t\t\t\t\t\t height=\"74\"\n\t\t\t\t\t\t\t alt=\"\"\/>\n\t\t\t\t\t\t\t\t\t<\/span>\n\t\t\t\t\t\t\t\t\t\t\t\t\t\t\t<\/a>\n\t\t\t<\/span>\n\t<\/span>\n<\/span>\n\t<\/div>\n<\/div>\n\t\t\t\t<\/div>\n\t\t\t\t<\/div>\n\t\t\t\t<\/div>\n\t\t\t\t<\/div>\n\t\t\t\t<\/div>","protected":false},"excerpt":{"rendered":"<p>Stronger Together It takes collaboration to build a resilient economy. We\u2019re proud to work with regional, provincial, and local partners who share our commitment to business success and community development. By combining resources and expertise, we\u2019re able to create programs and services that support entrepreneurs and strengthen the entire region. These partnerships make our work [&hellip;]<\/p>","protected":false},"author":1,"featured_media":0,"parent":0,"menu_order":0,"comment_status":"closed","ping_status":"closed","template":"page-full-width.php","meta":{"footnotes":""},"class_list":["post-6267","page","type-page","status-publish","hentry"],"yoast_head":"<!-- This site is optimized with the Yoast SEO plugin v26.0 - https:\/\/yoast.com\/wordpress\/plugins\/seo\/ -->\n<title>Community Partners - North Simcoe Business Centre | Mentorship. Support. Loans.<\/title>\n<meta name=\"description\" content=\"It takes collaboration to build a resilient economy. We\u2019re proud to work with regional, provincial, and local partners who share our commitment to business success and community development.\" \/>\n<meta name=\"robots\" content=\"index, follow, max-snippet:-1, max-image-preview:large, max-video-preview:-1\" \/>\n<link rel=\"canonical\" href=\"https:\/\/nscfdcnew.chaus.ca\/fr\/community-partners\/\" \/>\n<meta property=\"og:locale\" content=\"fr_FR\" \/>\n<meta property=\"og:type\" content=\"article\" \/>\n<meta property=\"og:title\" content=\"Community Partners - North Simcoe Business Centre | Mentorship. Support. Loans.\" \/>\n<meta property=\"og:description\" content=\"It takes collaboration to build a resilient economy. We\u2019re proud to work with regional, provincial, and local partners who share our commitment to business success and community development.\" \/>\n<meta property=\"og:url\" content=\"https:\/\/nscfdcnew.chaus.ca\/fr\/community-partners\/\" \/>\n<meta property=\"og:site_name\" content=\"North Simcoe Business Centre | Mentorship. Support. Loans.\" \/>\n<meta property=\"article:modified_time\" content=\"2025-10-06T19:01:57+00:00\" \/>\n<meta property=\"og:image\" content=\"https:\/\/nscfdcnew.chaus.ca\/wp-content\/uploads\/2025\/10\/cfwo-logo.jpg\" \/>\n<meta name=\"twitter:card\" content=\"summary_large_image\" \/>\n<meta name=\"twitter:label1\" content=\"Dur\u00e9e de lecture estim\u00e9e\" \/>\n\t<meta name=\"twitter:data1\" content=\"3 minutes\" \/>\n<script type=\"application\/ld+json\" class=\"yoast-schema-graph\">{\"@context\":\"https:\/\/schema.org\",\"@graph\":[{\"@type\":\"WebPage\",\"@id\":\"https:\/\/nscfdcnew.chaus.ca\/community-partners\/\",\"url\":\"https:\/\/nscfdcnew.chaus.ca\/community-partners\/\",\"name\":\"Community Partners - North Simcoe Business Centre | Mentorship. Support. Loans.\",\"isPartOf\":{\"@id\":\"https:\/\/nscfdcnew.chaus.ca\/#website\"},\"primaryImageOfPage\":{\"@id\":\"https:\/\/nscfdcnew.chaus.ca\/community-partners\/#primaryimage\"},\"image\":{\"@id\":\"https:\/\/nscfdcnew.chaus.ca\/community-partners\/#primaryimage\"},\"thumbnailUrl\":\"https:\/\/nscfdcnew.chaus.ca\/wp-content\/uploads\/2025\/10\/cfwo-logo.jpg\",\"datePublished\":\"2025-09-16T20:23:42+00:00\",\"dateModified\":\"2025-10-06T19:01:57+00:00\",\"description\":\"It takes collaboration to build a resilient economy. We\u2019re proud to work with regional, provincial, and local partners who share our commitment to business success and community development.\",\"breadcrumb\":{\"@id\":\"https:\/\/nscfdcnew.chaus.ca\/community-partners\/#breadcrumb\"},\"inLanguage\":\"fr-FR\",\"potentialAction\":[{\"@type\":\"ReadAction\",\"target\":[\"https:\/\/nscfdcnew.chaus.ca\/community-partners\/\"]}]},{\"@type\":\"ImageObject\",\"inLanguage\":\"fr-FR\",\"@id\":\"https:\/\/nscfdcnew.chaus.ca\/community-partners\/#primaryimage\",\"url\":\"https:\/\/nscfdcnew.chaus.ca\/wp-content\/uploads\/2025\/10\/cfwo-logo.jpg\",\"contentUrl\":\"https:\/\/nscfdcnew.chaus.ca\/wp-content\/uploads\/2025\/10\/cfwo-logo.jpg\"},{\"@type\":\"BreadcrumbList\",\"@id\":\"https:\/\/nscfdcnew.chaus.ca\/community-partners\/#breadcrumb\",\"itemListElement\":[{\"@type\":\"ListItem\",\"position\":1,\"name\":\"Home\",\"item\":\"https:\/\/nscfdcnew.chaus.ca\/\"},{\"@type\":\"ListItem\",\"position\":2,\"name\":\"Community Partners\"}]},{\"@type\":\"WebSite\",\"@id\":\"https:\/\/nscfdcnew.chaus.ca\/#website\",\"url\":\"https:\/\/nscfdcnew.chaus.ca\/\",\"name\":\"North Simcoe Business Centre | Mentorship. Support. Loans.\",\"description\":\"Where Small Businesses Start, Grow, and Succeed\",\"potentialAction\":[{\"@type\":\"SearchAction\",\"target\":{\"@type\":\"EntryPoint\",\"urlTemplate\":\"https:\/\/nscfdcnew.chaus.ca\/?s={search_term_string}\"},\"query-input\":{\"@type\":\"PropertyValueSpecification\",\"valueRequired\":true,\"valueName\":\"search_term_string\"}}],\"inLanguage\":\"fr-FR\"}]}<\/script>\n<!-- \/ Yoast SEO plugin. -->","yoast_head_json":{"title":"Community Partners - North Simcoe Business Centre | Mentorship. Support. Loans.","description":"La collaboration est n\u00e9cessaire pour construire une \u00e9conomie r\u00e9siliente. Nous sommes fiers de travailler avec des partenaires r\u00e9gionaux, provinciaux et locaux qui partagent notre engagement en faveur de la r\u00e9ussite des entreprises et du d\u00e9veloppement des communaut\u00e9s.","robots":{"index":"index","follow":"follow","max-snippet":"max-snippet:-1","max-image-preview":"max-image-preview:large","max-video-preview":"max-video-preview:-1"},"canonical":"https:\/\/nscfdcnew.chaus.ca\/fr\/community-partners\/","og_locale":"fr_FR","og_type":"article","og_title":"Community Partners - North Simcoe Business Centre | Mentorship. Support. Loans.","og_description":"It takes collaboration to build a resilient economy. We\u2019re proud to work with regional, provincial, and local partners who share our commitment to business success and community development.","og_url":"https:\/\/nscfdcnew.chaus.ca\/fr\/community-partners\/","og_site_name":"North Simcoe Business Centre | Mentorship. Support. Loans.","article_modified_time":"2025-10-06T19:01:57+00:00","og_image":[{"url":"https:\/\/nscfdcnew.chaus.ca\/wp-content\/uploads\/2025\/10\/cfwo-logo.jpg","type":"","width":"","height":""}],"twitter_card":"summary_large_image","twitter_misc":{"Dur\u00e9e de lecture estim\u00e9e":"3 minutes"},"schema":{"@context":"https:\/\/schema.org","@graph":[{"@type":"WebPage","@id":"https:\/\/nscfdcnew.chaus.ca\/community-partners\/","url":"https:\/\/nscfdcnew.chaus.ca\/community-partners\/","name":"Community Partners - North Simcoe Business Centre | Mentorship. Support. Loans.","isPartOf":{"@id":"https:\/\/nscfdcnew.chaus.ca\/#website"},"primaryImageOfPage":{"@id":"https:\/\/nscfdcnew.chaus.ca\/community-partners\/#primaryimage"},"image":{"@id":"https:\/\/nscfdcnew.chaus.ca\/community-partners\/#primaryimage"},"thumbnailUrl":"https:\/\/nscfdcnew.chaus.ca\/wp-content\/uploads\/2025\/10\/cfwo-logo.jpg","datePublished":"2025-09-16T20:23:42+00:00","dateModified":"2025-10-06T19:01:57+00:00","description":"La collaboration est n\u00e9cessaire pour construire une \u00e9conomie r\u00e9siliente. Nous sommes fiers de travailler avec des partenaires r\u00e9gionaux, provinciaux et locaux qui partagent notre engagement en faveur de la r\u00e9ussite des entreprises et du d\u00e9veloppement des communaut\u00e9s.","breadcrumb":{"@id":"https:\/\/nscfdcnew.chaus.ca\/community-partners\/#breadcrumb"},"inLanguage":"fr-FR","potentialAction":[{"@type":"ReadAction","target":["https:\/\/nscfdcnew.chaus.ca\/community-partners\/"]}]},{"@type":"ImageObject","inLanguage":"fr-FR","@id":"https:\/\/nscfdcnew.chaus.ca\/community-partners\/#primaryimage","url":"https:\/\/nscfdcnew.chaus.ca\/wp-content\/uploads\/2025\/10\/cfwo-logo.jpg","contentUrl":"https:\/\/nscfdcnew.chaus.ca\/wp-content\/uploads\/2025\/10\/cfwo-logo.jpg"},{"@type":"BreadcrumbList","@id":"https:\/\/nscfdcnew.chaus.ca\/community-partners\/#breadcrumb","itemListElement":[{"@type":"ListItem","position":1,"name":"Home","item":"https:\/\/nscfdcnew.chaus.ca\/"},{"@type":"ListItem","position":2,"name":"Community Partners"}]},{"@type":"WebSite","@id":"https:\/\/nscfdcnew.chaus.ca\/#website","url":"https:\/\/nscfdcnew.chaus.ca\/","name":"North Simcoe Business Centre | Mentorship. Support. Loans.","description":"Where Small Businesses Start, Grow, and Succeed","potentialAction":[{"@type":"SearchAction","target":{"@type":"EntryPoint","urlTemplate":"https:\/\/nscfdcnew.chaus.ca\/?s={search_term_string}"},"query-input":{"@type":"PropertyValueSpecification","valueRequired":true,"valueName":"search_term_string"}}],"inLanguage":"fr-FR"}]}},"_links":{"self":[{"href":"https:\/\/nscfdcnew.chaus.ca\/fr\/wp-json\/wp\/v2\/pages\/6267","targetHints":{"allow":["GET"]}}],"collection":[{"href":"https:\/\/nscfdcnew.chaus.ca\/fr\/wp-json\/wp\/v2\/pages"}],"about":[{"href":"https:\/\/nscfdcnew.chaus.ca\/fr\/wp-json\/wp\/v2\/types\/page"}],"author":[{"embeddable":true,"href":"https:\/\/nscfdcnew.chaus.ca\/fr\/wp-json\/wp\/v2\/users\/1"}],"replies":[{"embeddable":true,"href":"https:\/\/nscfdcnew.chaus.ca\/fr\/wp-json\/wp\/v2\/comments?post=6267"}],"version-history":[{"count":31,"href":"https:\/\/nscfdcnew.chaus.ca\/fr\/wp-json\/wp\/v2\/pages\/6267\/revisions"}],"predecessor-version":[{"id":6959,"href":"https:\/\/nscfdcnew.chaus.ca\/fr\/wp-json\/wp\/v2\/pages\/6267\/revisions\/6959"}],"wp:attachment":[{"href":"https:\/\/nscfdcnew.chaus.ca\/fr\/wp-json\/wp\/v2\/media?parent=6267"}],"curies":[{"name":"wp","href":"https:\/\/api.w.org\/{rel}","templated":true}]}}