{"id":6253,"date":"2025-09-16T20:08:56","date_gmt":"2025-09-16T20:08:56","guid":{"rendered":"https:\/\/nscfdcnew.chaus.ca\/?page_id=6253"},"modified":"2025-09-26T10:52:05","modified_gmt":"2025-09-26T14:52:05","slug":"empowering-local-business-growth","status":"publish","type":"page","link":"https:\/\/nscfdcnew.chaus.ca\/fr\/empowering-local-business-growth\/","title":{"rendered":"Favoriser la croissance des entreprises locales"},"content":{"rendered":"<div data-elementor-type=\"wp-page\" data-elementor-id=\"6253\" class=\"elementor elementor-6253\">\n\t\t\t\t<div class=\"elementor-element elementor-element-8af047b e-con-full qodef-elementor-content-grid e-flex e-con e-parent\" data-id=\"8af047b\" data-element_type=\"container\">\n\t\t<div class=\"elementor-element elementor-element-2b3a002 e-con-full e-flex e-con e-child\" data-id=\"2b3a002\" data-element_type=\"container\">\n\t\t\t\t<div class=\"elementor-element elementor-element-7fb7ddb elementor-widget__width-inherit elementor-widget elementor-widget-startpro_core_section_title\" data-id=\"7fb7ddb\" data-element_type=\"widget\" data-widget_type=\"startpro_core_section_title.default\">\n\t\t\t\t<div class=\"elementor-widget-container\">\n\t\t\t\t\t<div class=\"qodef-shortcode qodef-m  qodef-section-title qodef-alignment--left\">\n\t\t<h2 class=\"qodef-m-title\" >\n\t\t\t\t\tCr\u00e9er les conditions n\u00e9cessaires \u00e0 la prosp\u00e9rit\u00e9 des entreprises\t\t\t<\/h2>\n\t<\/div>\n\t\t\t\t<\/div>\n\t\t\t\t<\/div>\n\t\t\t\t<div class=\"elementor-element elementor-element-30fc92c elementor-widget__width-initial elementor-widget elementor-widget-startpro_core_section_title\" data-id=\"30fc92c\" data-element_type=\"widget\" data-widget_type=\"startpro_core_section_title.default\">\n\t\t\t\t<div class=\"elementor-widget-container\">\n\t\t\t\t\t<div class=\"qodef-shortcode qodef-m  qodef-section-title qodef-alignment--left\">\n\t\t\t<span class=\"qodef-m-description\" style=\"margin-top: 0px;color: #002B2B\">\n\t\tLes \u00e9conomies locales fortes ne sont pas le fruit du hasard. Elles sont le fruit d'une collaboration, d'une vision commune et d'un soutien ad\u00e9quat. Au Centre d'affaires de Simcoe Nord, nous r\u00e9unissons des partenaires communautaires, des organismes de soutien aux entreprises et tous les niveaux de gouvernement pour cr\u00e9er les conditions n\u00e9cessaires \u00e0 l'enracinement et \u00e0 la croissance de l'entrepreneuriat. Chaque programme que nous offrons est fond\u00e9 sur des connaissances locales et con\u00e7u pour r\u00e9pondre aux besoins r\u00e9els des entreprises qui fa\u00e7onnent notre r\u00e9gion.\t<\/span>\n<\/div>\n\t\t\t\t<\/div>\n\t\t\t\t<\/div>\n\t\t\t\t<div class=\"elementor-element elementor-element-d3466c4 elementor-widget__width-inherit elementor-widget elementor-widget-startpro_core_section_title\" data-id=\"d3466c4\" data-element_type=\"widget\" data-widget_type=\"startpro_core_section_title.default\">\n\t\t\t\t<div class=\"elementor-widget-container\">\n\t\t\t\t\t<div class=\"qodef-shortcode qodef-m  qodef-section-title qodef-alignment--left\">\n\t\t<h5 class=\"qodef-m-title\" >\n\t\t\t\t\tNos domaines d'intervention :\t\t\t<\/h5>\n\t<\/div>\n\t\t\t\t<\/div>\n\t\t\t\t<\/div>\n\t\t\t\t<\/div>\n\t\t\t\t<div class=\"elementor-element elementor-element-5b92222 elementor-widget elementor-widget-startpro_core_timeline_list\" data-id=\"5b92222\" data-element_type=\"widget\" data-widget_type=\"startpro_core_timeline_list.default\">\n\t\t\t\t<div class=\"elementor-widget-container\">\n\t\t\t\t\t<div class=\"qodef-shortcode qodef-m  qodef-timeline-list\">\n\t\t\t<div class=\"qodef-e-item\">\n\t\t\t<div class=\"qodef-e-item-info\">\n\t\t\t<div class=\"qodef-e-info-text\">\n\t\t\t01\t\t<\/div>\n\t<\/div>\n\t\t\t\n<div class=\"qodef-e-item-title\">\n\t<h4 class=\"qodef-e-title\">\n\t\tDes partenariats strat\u00e9giques qui renforcent le soutien aux entreprises \t<\/h4>\n\n\t<\/div>\n\t\t\t\n<div class=\"qodef-e-item-button\">\n\t<a class=\"qodef-shortcode qodef-m  qodef-button qodef-layout--outlined-arrow  qodef-html--link\" href=\"#\" target=\"_self\" >\t<span class=\"qodef-m-text\">Tickets<\/span>\t<svg class=\"qodef-svg--button-arrow\" xmlns=\"http:\/\/www.w3.org\/2000\/svg\"\r     xmlns:xlink=\"http:\/\/www.w3.org\/1999\/xlink\" x=\"0px\" y=\"0px\"\r     width=\"9px\" height=\"9px\" viewbox=\"0 0 9 9\" style=\"enable-background:new 0 0 9 9; fill:currentColor;\"\r     xml:space=\"preserve\"><path d=\"M8,9V1.8L0.9,8.8L0.2,8.1L7.3,1H0V0h9v9H8z\"\/><path d=\"M8,9V1.8L0.9,8.8L0.2,8.1L7.3,1H0V0h9v9H8z\"\/><\/svg><\/a><\/div>\n\t\t<\/div>\n\t\t\t\t\t<div class=\"qodef-e-item\">\n\t\t\t<div class=\"qodef-e-item-info\">\n\t\t\t<div class=\"qodef-e-info-text\">\n\t\t\t02\t\t<\/div>\n\t<\/div>\n\t\t\t\n<div class=\"qodef-e-item-title\">\n\t<h4 class=\"qodef-e-title\">\n\t\tDes programmes sp\u00e9cialis\u00e9s qui stimulent l'innovation\t<\/h4>\n\n\t<\/div>\n\t\t\t\n<div class=\"qodef-e-item-button\">\n\t<a class=\"qodef-shortcode qodef-m  qodef-button qodef-layout--outlined-arrow  qodef-html--link\" href=\"#\" target=\"_self\" >\t<span class=\"qodef-m-text\">Tickets<\/span>\t<svg class=\"qodef-svg--button-arrow\" xmlns=\"http:\/\/www.w3.org\/2000\/svg\"\r     xmlns:xlink=\"http:\/\/www.w3.org\/1999\/xlink\" x=\"0px\" y=\"0px\"\r     width=\"9px\" height=\"9px\" viewbox=\"0 0 9 9\" style=\"enable-background:new 0 0 9 9; fill:currentColor;\"\r     xml:space=\"preserve\"><path d=\"M8,9V1.8L0.9,8.8L0.2,8.1L7.3,1H0V0h9v9H8z\"\/><path d=\"M8,9V1.8L0.9,8.8L0.2,8.1L7.3,1H0V0h9v9H8z\"\/><\/svg><\/a><\/div>\n\t\t<\/div>\n\t\t\t\t\t<div class=\"qodef-e-item\">\n\t\t\t<div class=\"qodef-e-item-info\">\n\t\t\t<div class=\"qodef-e-info-text\">\n\t\t\t03\t\t<\/div>\n\t<\/div>\n\t\t\t\n<div class=\"qodef-e-item-title\">\n\t<h4 class=\"qodef-e-title\">\n\t\tRessources de formation et de planification pour les entrepreneurs\t<\/h4>\n\n\t<\/div>\n\t\t\t\n<div class=\"qodef-e-item-button\">\n\t<a class=\"qodef-shortcode qodef-m  qodef-button qodef-layout--outlined-arrow  qodef-html--link\" href=\"#\" target=\"_self\" >\t<span class=\"qodef-m-text\">Tickets<\/span>\t<svg class=\"qodef-svg--button-arrow\" xmlns=\"http:\/\/www.w3.org\/2000\/svg\"\r     xmlns:xlink=\"http:\/\/www.w3.org\/1999\/xlink\" x=\"0px\" y=\"0px\"\r     width=\"9px\" height=\"9px\" viewbox=\"0 0 9 9\" style=\"enable-background:new 0 0 9 9; fill:currentColor;\"\r     xml:space=\"preserve\"><path d=\"M8,9V1.8L0.9,8.8L0.2,8.1L7.3,1H0V0h9v9H8z\"\/><path d=\"M8,9V1.8L0.9,8.8L0.2,8.1L7.3,1H0V0h9v9H8z\"\/><\/svg><\/a><\/div>\n\t\t<\/div>\n\t\t\t<\/div>\n\t\t\t\t<\/div>\n\t\t\t\t<\/div>\n\t\t\t\t<\/div>\n\t\t<div class=\"elementor-element elementor-element-08c6cef e-con-full e-flex e-con e-parent\" data-id=\"08c6cef\" data-element_type=\"container\" data-settings=\"{&quot;background_background&quot;:&quot;classic&quot;}\">\n\t\t<div class=\"elementor-element elementor-element-b6109b8 e-con-full qodef-elementor-content-grid e-flex e-con e-child\" data-id=\"b6109b8\" data-element_type=\"container\" data-settings=\"{&quot;background_background&quot;:&quot;classic&quot;}\">\n\t\t<div class=\"elementor-element elementor-element-fc835c8 e-con-full e-flex e-con e-child\" data-id=\"fc835c8\" data-element_type=\"container\">\n\t\t\t\t<div class=\"elementor-element elementor-element-8ef24bd elementor-widget__width-inherit elementor-widget elementor-widget-startpro_core_section_title\" data-id=\"8ef24bd\" data-element_type=\"widget\" data-widget_type=\"startpro_core_section_title.default\">\n\t\t\t\t<div class=\"elementor-widget-container\">\n\t\t\t\t\t<div class=\"qodef-shortcode qodef-m  qodef-section-title qodef-alignment--left\">\n\t\t<h4 class=\"qodef-m-title\" style=\"color: #073343\">\n\t\t\t\t\tLe succ\u00e8s des entreprises locales est li\u00e9 \u00e0 la force de l'ensemble de la communaut\u00e9. En travaillant ensemble, nous pouvons cr\u00e9er des opportunit\u00e9s durables.\t\t\t<\/h4>\n\t<\/div>\n\t\t\t\t<\/div>\n\t\t\t\t<\/div>\n\t\t\t\t<\/div>\n\t\t<div class=\"elementor-element elementor-element-b22d952 e-con-full e-flex e-con e-child\" data-id=\"b22d952\" data-element_type=\"container\">\n\t\t<div class=\"elementor-element elementor-element-de22816 e-con-full e-flex e-con e-child\" data-id=\"de22816\" data-element_type=\"container\">\n\t\t<div class=\"elementor-element elementor-element-bdb4d5a e-con-full e-flex e-con e-child\" data-id=\"bdb4d5a\" data-element_type=\"container\">\n\t\t\t\t<div class=\"elementor-element elementor-element-cdc6a9f elementor-widget__width-initial elementor-widget elementor-widget-startpro_core_section_title\" data-id=\"cdc6a9f\" data-element_type=\"widget\" data-widget_type=\"startpro_core_section_title.default\">\n\t\t\t\t<div class=\"elementor-widget-container\">\n\t\t\t\t\t<div class=\"qodef-shortcode qodef-m  qodef-section-title qodef-alignment--left\">\n\t\t\t<p class=\"qodef-m-description\" style=\"margin-top: 0px;color: #073343\">\n\t\tVous voulez savoir comment nous pouvons aider votre entreprise \u00e0 se d\u00e9velopper ? Prenez contact avec nous pour d\u00e9couvrir les programmes, les partenariats et les outils con\u00e7us pour faire progresser votre entreprise.\t<\/p>\n<\/div>\n\t\t\t\t<\/div>\n\t\t\t\t<\/div>\n\t\t\t\t<div class=\"elementor-element elementor-element-be24b5f elementor-widget elementor-widget-startpro_core_button\" data-id=\"be24b5f\" data-element_type=\"widget\" data-widget_type=\"startpro_core_button.default\">\n\t\t\t\t<div class=\"elementor-widget-container\">\n\t\t\t\t\t<a class=\"qodef-shortcode qodef-m  qodef-button qodef-layout--filled qodef-size--small qodef-html--link\" href=\"\/fr\/get-in-touch\/\" target=\"_self\" style=\"--qode-button-bg-color: #E97224;--qode-button-bg-hover-color: #02868B\">\n\t<span class=\"qodef-m-text\">Commen\u00e7ons<\/span>\n<\/a>\n\t\t\t\t<\/div>\n\t\t\t\t<\/div>\n\t\t\t\t<\/div>\n\t\t\t\t<\/div>\n\t\t\t\t<\/div>\n\t\t\t\t<\/div>\n\t\t\t\t<\/div>\n\t\t\t\t<\/div>","protected":false},"excerpt":{"rendered":"<p>Creating the Conditions for Business to Thrive Strong local economies don\u2019t happen by chance. They\u2019re built through collaboration, shared vision, and the right kind of support. At North Simcoe Business Centre, we bring together community partners, business support agencies, and all levels of government to create the conditions where entrepreneurship can take root and grow. [&hellip;]<\/p>","protected":false},"author":1,"featured_media":0,"parent":0,"menu_order":0,"comment_status":"closed","ping_status":"closed","template":"page-full-width.php","meta":{"footnotes":""},"class_list":["post-6253","page","type-page","status-publish","hentry"],"yoast_head":"<!-- This site is optimized with the Yoast SEO plugin v26.0 - https:\/\/yoast.com\/wordpress\/plugins\/seo\/ -->\n<title>Empowering Local Business Growth - North Simcoe Business Centre | Mentorship. Support. Loans.<\/title>\n<meta name=\"description\" content=\"Strong local economies don\u2019t happen by chance. They\u2019re built through collaboration, shared vision, and the right kind of support. At NSBC, we bring together community partners, business support agencies, and all levels of government to create the conditions where entrepreneurship can take root and grow.\" \/>\n<meta name=\"robots\" content=\"index, follow, max-snippet:-1, max-image-preview:large, max-video-preview:-1\" \/>\n<link rel=\"canonical\" href=\"https:\/\/nscfdcnew.chaus.ca\/fr\/empowering-local-business-growth\/\" \/>\n<meta property=\"og:locale\" content=\"fr_FR\" \/>\n<meta property=\"og:type\" content=\"article\" \/>\n<meta property=\"og:title\" content=\"Empowering Local Business Growth - North Simcoe Business Centre | Mentorship. Support. Loans.\" \/>\n<meta property=\"og:description\" content=\"Strong local economies don\u2019t happen by chance. They\u2019re built through collaboration, shared vision, and the right kind of support. At NSBC, we bring together community partners, business support agencies, and all levels of government to create the conditions where entrepreneurship can take root and grow.\" \/>\n<meta property=\"og:url\" content=\"https:\/\/nscfdcnew.chaus.ca\/fr\/empowering-local-business-growth\/\" \/>\n<meta property=\"og:site_name\" content=\"North Simcoe Business Centre | Mentorship. Support. Loans.\" \/>\n<meta property=\"article:modified_time\" content=\"2025-09-26T14:52:05+00:00\" \/>\n<meta name=\"twitter:card\" content=\"summary_large_image\" \/>\n<meta name=\"twitter:label1\" content=\"Dur\u00e9e de lecture estim\u00e9e\" \/>\n\t<meta name=\"twitter:data1\" content=\"1 minute\" \/>\n<script type=\"application\/ld+json\" class=\"yoast-schema-graph\">{\"@context\":\"https:\/\/schema.org\",\"@graph\":[{\"@type\":\"WebPage\",\"@id\":\"https:\/\/nscfdcnew.chaus.ca\/empowering-local-business-growth\/\",\"url\":\"https:\/\/nscfdcnew.chaus.ca\/empowering-local-business-growth\/\",\"name\":\"Empowering Local Business Growth - North Simcoe Business Centre | Mentorship. Support. Loans.\",\"isPartOf\":{\"@id\":\"https:\/\/nscfdcnew.chaus.ca\/#website\"},\"datePublished\":\"2025-09-16T20:08:56+00:00\",\"dateModified\":\"2025-09-26T14:52:05+00:00\",\"description\":\"Strong local economies don\u2019t happen by chance. They\u2019re built through collaboration, shared vision, and the right kind of support. At NSBC, we bring together community partners, business support agencies, and all levels of government to create the conditions where entrepreneurship can take root and grow.\",\"breadcrumb\":{\"@id\":\"https:\/\/nscfdcnew.chaus.ca\/empowering-local-business-growth\/#breadcrumb\"},\"inLanguage\":\"fr-FR\",\"potentialAction\":[{\"@type\":\"ReadAction\",\"target\":[\"https:\/\/nscfdcnew.chaus.ca\/empowering-local-business-growth\/\"]}]},{\"@type\":\"BreadcrumbList\",\"@id\":\"https:\/\/nscfdcnew.chaus.ca\/empowering-local-business-growth\/#breadcrumb\",\"itemListElement\":[{\"@type\":\"ListItem\",\"position\":1,\"name\":\"Home\",\"item\":\"https:\/\/nscfdcnew.chaus.ca\/\"},{\"@type\":\"ListItem\",\"position\":2,\"name\":\"Empowering Local Business Growth\"}]},{\"@type\":\"WebSite\",\"@id\":\"https:\/\/nscfdcnew.chaus.ca\/#website\",\"url\":\"https:\/\/nscfdcnew.chaus.ca\/\",\"name\":\"North Simcoe Business Centre | Mentorship. Support. Loans.\",\"description\":\"Where Small Businesses Start, Grow, and Succeed\",\"potentialAction\":[{\"@type\":\"SearchAction\",\"target\":{\"@type\":\"EntryPoint\",\"urlTemplate\":\"https:\/\/nscfdcnew.chaus.ca\/?s={search_term_string}\"},\"query-input\":{\"@type\":\"PropertyValueSpecification\",\"valueRequired\":true,\"valueName\":\"search_term_string\"}}],\"inLanguage\":\"fr-FR\"}]}<\/script>\n<!-- \/ Yoast SEO plugin. -->","yoast_head_json":{"title":"Empowering Local Business Growth - North Simcoe Business Centre | Mentorship. Support. Loans.","description":"Strong local economies don\u2019t happen by chance. They\u2019re built through collaboration, shared vision, and the right kind of support. At NSBC, we bring together community partners, business support agencies, and all levels of government to create the conditions where entrepreneurship can take root and grow.","robots":{"index":"index","follow":"follow","max-snippet":"max-snippet:-1","max-image-preview":"max-image-preview:large","max-video-preview":"max-video-preview:-1"},"canonical":"https:\/\/nscfdcnew.chaus.ca\/fr\/empowering-local-business-growth\/","og_locale":"fr_FR","og_type":"article","og_title":"Empowering Local Business Growth - North Simcoe Business Centre | Mentorship. Support. Loans.","og_description":"Strong local economies don\u2019t happen by chance. They\u2019re built through collaboration, shared vision, and the right kind of support. At NSBC, we bring together community partners, business support agencies, and all levels of government to create the conditions where entrepreneurship can take root and grow.","og_url":"https:\/\/nscfdcnew.chaus.ca\/fr\/empowering-local-business-growth\/","og_site_name":"North Simcoe Business Centre | Mentorship. Support. Loans.","article_modified_time":"2025-09-26T14:52:05+00:00","twitter_card":"summary_large_image","twitter_misc":{"Dur\u00e9e de lecture estim\u00e9e":"1 minute"},"schema":{"@context":"https:\/\/schema.org","@graph":[{"@type":"WebPage","@id":"https:\/\/nscfdcnew.chaus.ca\/empowering-local-business-growth\/","url":"https:\/\/nscfdcnew.chaus.ca\/empowering-local-business-growth\/","name":"Empowering Local Business Growth - North Simcoe Business Centre | Mentorship. Support. Loans.","isPartOf":{"@id":"https:\/\/nscfdcnew.chaus.ca\/#website"},"datePublished":"2025-09-16T20:08:56+00:00","dateModified":"2025-09-26T14:52:05+00:00","description":"Strong local economies don\u2019t happen by chance. They\u2019re built through collaboration, shared vision, and the right kind of support. At NSBC, we bring together community partners, business support agencies, and all levels of government to create the conditions where entrepreneurship can take root and grow.","breadcrumb":{"@id":"https:\/\/nscfdcnew.chaus.ca\/empowering-local-business-growth\/#breadcrumb"},"inLanguage":"fr-FR","potentialAction":[{"@type":"ReadAction","target":["https:\/\/nscfdcnew.chaus.ca\/empowering-local-business-growth\/"]}]},{"@type":"BreadcrumbList","@id":"https:\/\/nscfdcnew.chaus.ca\/empowering-local-business-growth\/#breadcrumb","itemListElement":[{"@type":"ListItem","position":1,"name":"Home","item":"https:\/\/nscfdcnew.chaus.ca\/"},{"@type":"ListItem","position":2,"name":"Empowering Local Business Growth"}]},{"@type":"WebSite","@id":"https:\/\/nscfdcnew.chaus.ca\/#website","url":"https:\/\/nscfdcnew.chaus.ca\/","name":"North Simcoe Business Centre | Mentorship. Support. Loans.","description":"Where Small Businesses Start, Grow, and Succeed","potentialAction":[{"@type":"SearchAction","target":{"@type":"EntryPoint","urlTemplate":"https:\/\/nscfdcnew.chaus.ca\/?s={search_term_string}"},"query-input":{"@type":"PropertyValueSpecification","valueRequired":true,"valueName":"search_term_string"}}],"inLanguage":"fr-FR"}]}},"_links":{"self":[{"href":"https:\/\/nscfdcnew.chaus.ca\/fr\/wp-json\/wp\/v2\/pages\/6253","targetHints":{"allow":["GET"]}}],"collection":[{"href":"https:\/\/nscfdcnew.chaus.ca\/fr\/wp-json\/wp\/v2\/pages"}],"about":[{"href":"https:\/\/nscfdcnew.chaus.ca\/fr\/wp-json\/wp\/v2\/types\/page"}],"author":[{"embeddable":true,"href":"https:\/\/nscfdcnew.chaus.ca\/fr\/wp-json\/wp\/v2\/users\/1"}],"replies":[{"embeddable":true,"href":"https:\/\/nscfdcnew.chaus.ca\/fr\/wp-json\/wp\/v2\/comments?post=6253"}],"version-history":[{"count":13,"href":"https:\/\/nscfdcnew.chaus.ca\/fr\/wp-json\/wp\/v2\/pages\/6253\/revisions"}],"predecessor-version":[{"id":6530,"href":"https:\/\/nscfdcnew.chaus.ca\/fr\/wp-json\/wp\/v2\/pages\/6253\/revisions\/6530"}],"wp:attachment":[{"href":"https:\/\/nscfdcnew.chaus.ca\/fr\/wp-json\/wp\/v2\/media?parent=6253"}],"curies":[{"name":"wp","href":"https:\/\/api.w.org\/{rel}","templated":true}]}}