{"id":6210,"date":"2025-09-16T19:32:28","date_gmt":"2025-09-16T19:32:28","guid":{"rendered":"https:\/\/nscfdcnew.chaus.ca\/?page_id=6210"},"modified":"2025-10-06T14:50:36","modified_gmt":"2025-10-06T18:50:36","slug":"flexible-financial-solutions","status":"publish","type":"page","link":"https:\/\/nscfdcnew.chaus.ca\/fr\/flexible-financial-solutions\/","title":{"rendered":"Solutions financi\u00e8res flexibles"},"content":{"rendered":"<div data-elementor-type=\"wp-page\" data-elementor-id=\"6210\" class=\"elementor elementor-6210\">\n\t\t\t\t<div class=\"elementor-element elementor-element-8af047b e-con-full qodef-elementor-content-grid e-flex e-con e-parent\" data-id=\"8af047b\" data-element_type=\"container\">\n\t\t<div class=\"elementor-element elementor-element-2b3a002 e-con-full e-flex e-con e-child\" data-id=\"2b3a002\" data-element_type=\"container\">\n\t\t\t\t<div class=\"elementor-element elementor-element-7fb7ddb elementor-widget__width-inherit elementor-widget elementor-widget-startpro_core_section_title\" data-id=\"7fb7ddb\" data-element_type=\"widget\" data-widget_type=\"startpro_core_section_title.default\">\n\t\t\t\t<div class=\"elementor-widget-container\">\n\t\t\t\t\t<div class=\"qodef-shortcode qodef-m  qodef-section-title qodef-alignment--left\">\n\t\t<h2 class=\"qodef-m-title\" >\n\t\t\t\t\tDes financements qui favorisent la croissance des entreprises\t\t\t<\/h2>\n\t<\/div>\n\t\t\t\t<\/div>\n\t\t\t\t<\/div>\n\t\t\t\t<div class=\"elementor-element elementor-element-30fc92c elementor-widget__width-initial elementor-widget elementor-widget-startpro_core_section_title\" data-id=\"30fc92c\" data-element_type=\"widget\" data-widget_type=\"startpro_core_section_title.default\">\n\t\t\t\t<div class=\"elementor-widget-container\">\n\t\t\t\t\t<div class=\"qodef-shortcode qodef-m  qodef-section-title qodef-alignment--left\">\n\t\t\t<span class=\"qodef-m-description\" style=\"margin-top: 0px;color: #002B2B\">\n\t\tL'acc\u00e8s au capital ne devrait pas freiner votre entreprise. Au Centre d'affaires de Simcoe Nord, nos programmes de pr\u00eats sont con\u00e7us pour les entrepreneurs du monde r\u00e9el, avec des conditions flexibles, un soutien personnalis\u00e9 et une compr\u00e9hension approfondie des besoins locaux.  Chaque dollar que nous pr\u00eatons est un investissement dans l'\u00e9conomie locale - il aide les entreprises \u00e0 cro\u00eetre, \u00e0 cr\u00e9er des emplois et \u00e0 rester enracin\u00e9es dans la communaut\u00e9.\n\t<\/span>\n<\/div>\n\t\t\t\t<\/div>\n\t\t\t\t<\/div>\n\t\t\t\t<\/div>\n\t\t\t\t<\/div>\n\t\t<div class=\"elementor-element elementor-element-523c8ea e-con-full e-flex e-con e-parent\" data-id=\"523c8ea\" data-element_type=\"container\" data-settings=\"{&quot;background_background&quot;:&quot;classic&quot;}\">\n\t\t<div class=\"elementor-element elementor-element-89382ee e-con-full qodef-elementor-content-grid e-flex e-con e-child\" data-id=\"89382ee\" data-element_type=\"container\" data-settings=\"{&quot;background_background&quot;:&quot;classic&quot;}\">\n\t\t<div class=\"elementor-element elementor-element-5d9d590 e-con-full e-flex e-con e-child\" data-id=\"5d9d590\" data-element_type=\"container\">\n\t\t\t\t<div class=\"elementor-element elementor-element-8309f36 elementor-widget elementor-widget-image\" data-id=\"8309f36\" data-element_type=\"widget\" data-widget_type=\"image.default\">\n\t\t\t\t\t\t\t\t\t\t\t\t\t\t\t<img fetchpriority=\"high\" decoding=\"async\" width=\"2560\" height=\"1707\" src=\"https:\/\/nscfdcnew.chaus.ca\/wp-content\/uploads\/2025\/09\/pexels-a-darmel-7642093-scaled.jpg\" class=\"attachment-full size-full wp-image-6088\" alt=\"\" srcset=\"https:\/\/nscfdcnew.chaus.ca\/wp-content\/uploads\/2025\/09\/pexels-a-darmel-7642093-scaled.jpg 2560w, https:\/\/nscfdcnew.chaus.ca\/wp-content\/uploads\/2025\/09\/pexels-a-darmel-7642093-300x200.jpg 300w, https:\/\/nscfdcnew.chaus.ca\/wp-content\/uploads\/2025\/09\/pexels-a-darmel-7642093-1024x683.jpg 1024w, https:\/\/nscfdcnew.chaus.ca\/wp-content\/uploads\/2025\/09\/pexels-a-darmel-7642093-768x512.jpg 768w, https:\/\/nscfdcnew.chaus.ca\/wp-content\/uploads\/2025\/09\/pexels-a-darmel-7642093-1536x1024.jpg 1536w, https:\/\/nscfdcnew.chaus.ca\/wp-content\/uploads\/2025\/09\/pexels-a-darmel-7642093-2048x1365.jpg 2048w, https:\/\/nscfdcnew.chaus.ca\/wp-content\/uploads\/2025\/09\/pexels-a-darmel-7642093-600x400.jpg 600w\" sizes=\"(max-width: 2560px) 100vw, 2560px\" \/>\t\t\t\t\t\t\t\t\t\t\t\t\t\t\t<\/div>\n\t\t\t\t<\/div>\n\t\t<div class=\"elementor-element elementor-element-f8bafd1 e-con-full e-flex e-con e-child\" data-id=\"f8bafd1\" data-element_type=\"container\">\n\t\t<div class=\"elementor-element elementor-element-b810a8d e-con-full e-flex e-con e-child\" data-id=\"b810a8d\" data-element_type=\"container\">\n\t\t<div class=\"elementor-element elementor-element-a896afd e-con-full e-flex e-con e-child\" data-id=\"a896afd\" data-element_type=\"container\">\n\t\t\t\t<div class=\"elementor-element elementor-element-5c9c271 elementor-widget__width-inherit elementor-widget elementor-widget-startpro_core_section_title\" data-id=\"5c9c271\" data-element_type=\"widget\" data-widget_type=\"startpro_core_section_title.default\">\n\t\t\t\t<div class=\"elementor-widget-container\">\n\t\t\t\t\t<div class=\"qodef-shortcode qodef-m  qodef-section-title qodef-alignment--left\">\n\t\t<h2 class=\"qodef-m-title\" style=\"color: #073343\">\n\t\t\t\t\tPr\u00eats aux petites entreprises\t\t\t<\/h2>\n\t<\/div>\n\t\t\t\t<\/div>\n\t\t\t\t<\/div>\n\t\t\t\t<div class=\"elementor-element elementor-element-aad17a6 elementor-widget__width-initial elementor-widget elementor-widget-startpro_core_section_title\" data-id=\"aad17a6\" data-element_type=\"widget\" data-widget_type=\"startpro_core_section_title.default\">\n\t\t\t\t<div class=\"elementor-widget-container\">\n\t\t\t\t\t<div class=\"qodef-shortcode qodef-m  qodef-section-title qodef-alignment--left\">\n\t\t\t<p class=\"qodef-m-description\" style=\"margin-top: 0px;color: #073343\">\n\t\tNos pr\u00eats aux petites entreprises offrent jusqu'\u00e0 $300.000 pour soutenir tout ce qui concerne les co\u00fbts de d\u00e9marrage et les plans d'expansion. Ces pr\u00eats sont id\u00e9aux pour les entrepreneurs qui souhaitent lancer, d\u00e9velopper ou renforcer une entreprise existante.\nSi vos besoins de financement d\u00e9passent 1T4T300 000, nous travaillerons avec des partenaires pr\u00eateurs pour vous aider \u00e0 combler l'\u00e9cart. \n\t<\/p>\n<\/div>\n\t\t\t\t<\/div>\n\t\t\t\t<\/div>\n\t\t\t\t<div class=\"elementor-element elementor-element-dca72d2 elementor-widget elementor-widget-startpro_core_button\" data-id=\"dca72d2\" data-element_type=\"widget\" data-widget_type=\"startpro_core_button.default\">\n\t\t\t\t<div class=\"elementor-widget-container\">\n\t\t\t\t\t<a class=\"qodef-shortcode qodef-m  qodef-button qodef-layout--filled qodef-size--small qodef-html--link\" href=\"\/fr\/get-in-touch\/\" target=\"_self\" style=\"--qode-button-bg-color: #E97224;--qode-button-bg-hover-color: #02868B\">\n\t<span class=\"qodef-m-text\">Commen\u00e7ons<\/span>\n<\/a>\n\t\t\t\t<\/div>\n\t\t\t\t<\/div>\n\t\t\t\t<div class=\"elementor-element elementor-element-2eb7c95 elementor-widget elementor-widget-startpro_core_button\" data-id=\"2eb7c95\" data-element_type=\"widget\" data-widget_type=\"startpro_core_button.default\">\n\t\t\t\t<div class=\"elementor-widget-container\">\n\t\t\t\t\t<a class=\"qodef-shortcode qodef-m  qodef-button qodef-layout--filled qodef-size--large qodef-html--link\" href=\"https:\/\/nscfdcnew.chaus.ca\/wp-content\/uploads\/2025\/10\/NSBC-Business-Loan-Application-French.docx\" target=\"_blank\" style=\"--qode-button-bg-color: #69A8DB\">\n\t<span class=\"qodef-m-text\">NSBC Business Loan Application French<\/span>\n<\/a>\n\t\t\t\t<\/div>\n\t\t\t\t<\/div>\n\t\t\t\t<\/div>\n\t\t\t\t<\/div>\n\t\t\t\t<\/div>\n\t\t\t\t<\/div>\n\t\t\t\t<\/div>\n\t\t<div class=\"elementor-element elementor-element-20a658a e-con-full e-flex e-con e-parent\" data-id=\"20a658a\" data-element_type=\"container\" data-settings=\"{&quot;background_background&quot;:&quot;classic&quot;}\">\n\t\t<div class=\"elementor-element elementor-element-26e2d8b e-con-full qodef-elementor-content-grid e-flex e-con e-child\" data-id=\"26e2d8b\" data-element_type=\"container\" data-settings=\"{&quot;background_background&quot;:&quot;classic&quot;}\">\n\t\t<div class=\"elementor-element elementor-element-249b7a4 e-con-full e-flex e-con e-child\" data-id=\"249b7a4\" data-element_type=\"container\">\n\t\t\t\t<div class=\"elementor-element elementor-element-b414616 elementor-widget elementor-widget-image\" data-id=\"b414616\" data-element_type=\"widget\" data-widget_type=\"image.default\">\n\t\t\t\t\t\t\t\t\t\t\t\t\t\t\t<img decoding=\"async\" width=\"2560\" height=\"1709\" src=\"https:\/\/nscfdcnew.chaus.ca\/wp-content\/uploads\/2024\/10\/pexels-buro-millennial-636760-1438081-scaled.jpg\" class=\"attachment-full size-full wp-image-5825\" alt=\"\" srcset=\"https:\/\/nscfdcnew.chaus.ca\/wp-content\/uploads\/2024\/10\/pexels-buro-millennial-636760-1438081-scaled.jpg 2560w, https:\/\/nscfdcnew.chaus.ca\/wp-content\/uploads\/2024\/10\/pexels-buro-millennial-636760-1438081-300x200.jpg 300w, https:\/\/nscfdcnew.chaus.ca\/wp-content\/uploads\/2024\/10\/pexels-buro-millennial-636760-1438081-1024x684.jpg 1024w, https:\/\/nscfdcnew.chaus.ca\/wp-content\/uploads\/2024\/10\/pexels-buro-millennial-636760-1438081-768x513.jpg 768w, https:\/\/nscfdcnew.chaus.ca\/wp-content\/uploads\/2024\/10\/pexels-buro-millennial-636760-1438081-1536x1025.jpg 1536w, https:\/\/nscfdcnew.chaus.ca\/wp-content\/uploads\/2024\/10\/pexels-buro-millennial-636760-1438081-2048x1367.jpg 2048w, https:\/\/nscfdcnew.chaus.ca\/wp-content\/uploads\/2024\/10\/pexels-buro-millennial-636760-1438081-600x401.jpg 600w\" sizes=\"(max-width: 2560px) 100vw, 2560px\" \/>\t\t\t\t\t\t\t\t\t\t\t\t\t\t\t<\/div>\n\t\t\t\t<\/div>\n\t\t<div class=\"elementor-element elementor-element-b1c6f44 e-con-full e-flex e-con e-child\" data-id=\"b1c6f44\" data-element_type=\"container\">\n\t\t<div class=\"elementor-element elementor-element-0d09161 e-con-full e-flex e-con e-child\" data-id=\"0d09161\" data-element_type=\"container\">\n\t\t<div class=\"elementor-element elementor-element-4cc5b5e e-con-full e-flex e-con e-child\" data-id=\"4cc5b5e\" data-element_type=\"container\">\n\t\t\t\t<div class=\"elementor-element elementor-element-116f3ca elementor-widget__width-initial elementor-widget-tablet__width-initial elementor-widget-mobile__width-inherit elementor-widget elementor-widget-startpro_core_section_title\" data-id=\"116f3ca\" data-element_type=\"widget\" data-widget_type=\"startpro_core_section_title.default\">\n\t\t\t\t<div class=\"elementor-widget-container\">\n\t\t\t\t\t<div class=\"qodef-shortcode qodef-m  qodef-section-title qodef-alignment--left\">\n\t\t<h2 class=\"qodef-m-title\" style=\"color: #FFFFFF\">\n\t\t\t\t\tMicrocr\u00e9dits\t\t\t<\/h2>\n\t<\/div>\n\t\t\t\t<\/div>\n\t\t\t\t<\/div>\n\t\t\t\t<div class=\"elementor-element elementor-element-6de2526 elementor-widget__width-initial elementor-widget elementor-widget-startpro_core_section_title\" data-id=\"6de2526\" data-element_type=\"widget\" data-widget_type=\"startpro_core_section_title.default\">\n\t\t\t\t<div class=\"elementor-widget-container\">\n\t\t\t\t\t<div class=\"qodef-shortcode qodef-m  qodef-section-title qodef-alignment--left\">\n\t\t\t<p class=\"qodef-m-description\" style=\"margin-top: 0px;color: #FFFFFF\">\n\t\t\nLes micropr\u00eats offrent jusqu'\u00e0 $10 000 pour les entreprises en phase de d\u00e9marrage ou de petite taille. Avec des conditions de remboursement souples et des taux d'int\u00e9r\u00eat r\u00e9duits, ces pr\u00eats constituent une solution intelligente pour les entrepreneurs qui ont besoin d'un capital accessible pour d\u00e9marrer.\n\nContactez notre \u00e9quipe pour explorer vos options de financement.\n\t<\/p>\n<\/div>\n\t\t\t\t<\/div>\n\t\t\t\t<\/div>\n\t\t\t\t<div class=\"elementor-element elementor-element-bee1b78 elementor-widget elementor-widget-startpro_core_button\" data-id=\"bee1b78\" data-element_type=\"widget\" data-widget_type=\"startpro_core_button.default\">\n\t\t\t\t<div class=\"elementor-widget-container\">\n\t\t\t\t\t<a class=\"qodef-shortcode qodef-m  qodef-button qodef-layout--filled qodef-size--small qodef-html--link\" href=\"\/fr\/get-in-touch\/\" target=\"_self\" style=\"--qode-button-bg-color: #E97224;--qode-button-bg-hover-color: #02868B\">\n\t<span class=\"qodef-m-text\">R\u00e9server une consultation<\/span>\n<\/a>\n\t\t\t\t<\/div>\n\t\t\t\t<\/div>\n\t\t\t\t<div class=\"elementor-element elementor-element-062de77 elementor-widget elementor-widget-startpro_core_button\" data-id=\"062de77\" data-element_type=\"widget\" data-widget_type=\"startpro_core_button.default\">\n\t\t\t\t<div class=\"elementor-widget-container\">\n\t\t\t\t\t<a class=\"qodef-shortcode qodef-m  qodef-button qodef-layout--filled qodef-size--large qodef-html--link\" href=\"https:\/\/nscfdcnew.chaus.ca\/wp-content\/uploads\/2025\/10\/Micro-Loan-Application-French.docx\" target=\"_blank\" style=\"--qode-button-bg-color: #69A8DB\">\n\t<span class=\"qodef-m-text\">Micro Loan Application French<\/span>\n<\/a>\n\t\t\t\t<\/div>\n\t\t\t\t<\/div>\n\t\t\t\t<\/div>\n\t\t\t\t<\/div>\n\t\t\t\t<\/div>\n\t\t\t\t<\/div>\n\t\t\t\t<\/div>\n\t\t<div class=\"elementor-element elementor-element-97651b7 e-con-full e-flex e-con e-parent\" data-id=\"97651b7\" data-element_type=\"container\" data-settings=\"{&quot;background_background&quot;:&quot;classic&quot;}\">\n\t\t<div class=\"elementor-element elementor-element-f1475f2 e-con-full qodef-elementor-content-grid e-flex e-con e-child\" data-id=\"f1475f2\" data-element_type=\"container\" data-settings=\"{&quot;background_background&quot;:&quot;classic&quot;}\">\n\t\t<div class=\"elementor-element elementor-element-a51ffd8 e-con-full e-flex e-con e-child\" data-id=\"a51ffd8\" data-element_type=\"container\">\n\t\t\t\t<div class=\"elementor-element elementor-element-50cc5c0 elementor-widget elementor-widget-image\" data-id=\"50cc5c0\" data-element_type=\"widget\" data-widget_type=\"image.default\">\n\t\t\t\t\t\t\t\t\t\t\t\t\t\t\t<img decoding=\"async\" width=\"593\" height=\"634\" src=\"https:\/\/nscfdcnew.chaus.ca\/wp-content\/uploads\/2025\/09\/photo2.jpg\" class=\"attachment-full size-full wp-image-6229\" alt=\"\" srcset=\"https:\/\/nscfdcnew.chaus.ca\/wp-content\/uploads\/2025\/09\/photo2.jpg 593w, https:\/\/nscfdcnew.chaus.ca\/wp-content\/uploads\/2025\/09\/photo2-281x300.jpg 281w\" sizes=\"(max-width: 593px) 100vw, 593px\" \/>\t\t\t\t\t\t\t\t\t\t\t\t\t\t\t<\/div>\n\t\t\t\t<\/div>\n\t\t<div class=\"elementor-element elementor-element-f77e520 e-con-full e-flex e-con e-child\" data-id=\"f77e520\" data-element_type=\"container\">\n\t\t<div class=\"elementor-element elementor-element-8949b05 e-con-full e-flex e-con e-child\" data-id=\"8949b05\" data-element_type=\"container\">\n\t\t<div class=\"elementor-element elementor-element-883397e e-con-full e-flex e-con e-child\" data-id=\"883397e\" data-element_type=\"container\">\n\t\t\t\t<div class=\"elementor-element elementor-element-a8fb795 elementor-widget__width-inherit elementor-widget elementor-widget-startpro_core_section_title\" data-id=\"a8fb795\" data-element_type=\"widget\" data-widget_type=\"startpro_core_section_title.default\">\n\t\t\t\t<div class=\"elementor-widget-container\">\n\t\t\t\t\t<div class=\"qodef-shortcode qodef-m  qodef-section-title qodef-alignment--left\">\n\t\t<h2 class=\"qodef-m-title\" style=\"color: #073343\">\n\t\t\t\t\tFonds d'investissement dans l'innovation du sud-ouest de l'Ontario (SOFII)\t\t\t<\/h2>\n\t<\/div>\n\t\t\t\t<\/div>\n\t\t\t\t<\/div>\n\t\t\t\t<div class=\"elementor-element elementor-element-9c51f97 elementor-widget__width-initial elementor-widget elementor-widget-startpro_core_section_title\" data-id=\"9c51f97\" data-element_type=\"widget\" data-widget_type=\"startpro_core_section_title.default\">\n\t\t\t\t<div class=\"elementor-widget-container\">\n\t\t\t\t\t<div class=\"qodef-shortcode qodef-m  qodef-section-title qodef-alignment--left\">\n\t\t\t<p class=\"qodef-m-description\" style=\"margin-top: 0px;color: #073343\">\n\t\t\nSOFII offre jusqu'\u00e0 $1 millions de dollars de financement aux petites et moyennes entreprises (PME) innovantes et \u00e0 forte croissance. Con\u00e7u pour soutenir le d\u00e9veloppement de produits, l'adoption de technologies et l'expansion du march\u00e9, ce programme financ\u00e9 par le gouvernement du Canada est mis en \u0153uvre par l'interm\u00e9diaire de l'Association des Soci\u00e9t\u00e9s d'aide au d\u00e9veloppement des collectivit\u00e9s de l'Ouest de l'Ontario.\nSi votre entreprise est pr\u00eate \u00e0 prendre de l'ampleur et \u00e0 stimuler l'innovation, SOFII peut vous aider \u00e0 y parvenir. Pour en savoir plus sur SOFII, cliquez ci-dessous.\n\t<\/p>\n<\/div>\n\t\t\t\t<\/div>\n\t\t\t\t<\/div>\n\t\t\t\t<div class=\"elementor-element elementor-element-c82ab7f elementor-widget elementor-widget-startpro_core_button\" data-id=\"c82ab7f\" data-element_type=\"widget\" data-widget_type=\"startpro_core_button.default\">\n\t\t\t\t<div class=\"elementor-widget-container\">\n\t\t\t\t\t<a class=\"qodef-shortcode qodef-m  qodef-button qodef-layout--filled qodef-size--large qodef-html--link\" href=\"https:\/\/www.sofii.ca\/en\/\" target=\"_blank\" style=\"--qode-button-bg-color: #02868B\">\n\t<span class=\"qodef-m-text\">Fonds d'investissement dans l'innovation du sud-ouest de l'Ontario (SOFII)<\/span>\n<\/a>\n\t\t\t\t<\/div>\n\t\t\t\t<\/div>\n\t\t\t\t<\/div>\n\t\t\t\t<\/div>\n\t\t\t\t<\/div>\n\t\t\t\t<\/div>\n\t\t\t\t<\/div>\n\t\t\t\t<\/div>","protected":false},"excerpt":{"rendered":"<p>Financing That Fuels Business Growth Access to capital shouldn\u2019t hold your business back. At North Simcoe Business Centre, our loan programs are designed for real-world entrepreneurs, with flexible terms, personalized support, and a deep understanding of local needs. Each dollar we lend is an investment in the local economy \u2014 helping businesses grow, create jobs, [&hellip;]<\/p>","protected":false},"author":1,"featured_media":0,"parent":0,"menu_order":0,"comment_status":"closed","ping_status":"closed","template":"page-full-width.php","meta":{"footnotes":""},"class_list":["post-6210","page","type-page","status-publish","hentry"],"yoast_head":"<!-- This site is optimized with the Yoast SEO plugin v26.0 - https:\/\/yoast.com\/wordpress\/plugins\/seo\/ -->\n<title>Flexible Financial Solutions - North Simcoe Business Centre | Mentorship. Support. Loans.<\/title>\n<meta name=\"description\" content=\"Access to capital shouldn\u2019t hold your business back. At NSBC, our loan programs are designed for real-world entrepreneurs, with flexible terms, personalized support, and a deep understanding of local needs.\" \/>\n<meta name=\"robots\" content=\"index, follow, max-snippet:-1, max-image-preview:large, max-video-preview:-1\" \/>\n<link rel=\"canonical\" href=\"https:\/\/nscfdcnew.chaus.ca\/fr\/flexible-financial-solutions\/\" \/>\n<meta property=\"og:locale\" content=\"fr_FR\" \/>\n<meta property=\"og:type\" content=\"article\" \/>\n<meta property=\"og:title\" content=\"Flexible Financial Solutions - North Simcoe Business Centre | Mentorship. Support. Loans.\" \/>\n<meta property=\"og:description\" content=\"Access to capital shouldn\u2019t hold your business back. At NSBC, our loan programs are designed for real-world entrepreneurs, with flexible terms, personalized support, and a deep understanding of local needs.\" \/>\n<meta property=\"og:url\" content=\"https:\/\/nscfdcnew.chaus.ca\/fr\/flexible-financial-solutions\/\" \/>\n<meta property=\"og:site_name\" content=\"North Simcoe Business Centre | Mentorship. Support. Loans.\" \/>\n<meta property=\"article:modified_time\" content=\"2025-10-06T18:50:36+00:00\" \/>\n<meta property=\"og:image\" content=\"https:\/\/nscfdcnew.chaus.ca\/wp-content\/uploads\/2025\/09\/pexels-a-darmel-7642093-scaled.jpg\" \/>\n\t<meta property=\"og:image:width\" content=\"2560\" \/>\n\t<meta property=\"og:image:height\" content=\"1707\" \/>\n\t<meta property=\"og:image:type\" content=\"image\/jpeg\" \/>\n<meta name=\"twitter:card\" content=\"summary_large_image\" \/>\n<meta name=\"twitter:label1\" content=\"Dur\u00e9e de lecture estim\u00e9e\" \/>\n\t<meta name=\"twitter:data1\" content=\"2 minutes\" \/>\n<script type=\"application\/ld+json\" class=\"yoast-schema-graph\">{\"@context\":\"https:\/\/schema.org\",\"@graph\":[{\"@type\":\"WebPage\",\"@id\":\"https:\/\/nscfdcnew.chaus.ca\/flexible-financial-solutions\/\",\"url\":\"https:\/\/nscfdcnew.chaus.ca\/flexible-financial-solutions\/\",\"name\":\"Flexible Financial Solutions - North Simcoe Business Centre | Mentorship. Support. Loans.\",\"isPartOf\":{\"@id\":\"https:\/\/nscfdcnew.chaus.ca\/#website\"},\"primaryImageOfPage\":{\"@id\":\"https:\/\/nscfdcnew.chaus.ca\/flexible-financial-solutions\/#primaryimage\"},\"image\":{\"@id\":\"https:\/\/nscfdcnew.chaus.ca\/flexible-financial-solutions\/#primaryimage\"},\"thumbnailUrl\":\"https:\/\/nscfdcnew.chaus.ca\/wp-content\/uploads\/2025\/09\/pexels-a-darmel-7642093-scaled.jpg\",\"datePublished\":\"2025-09-16T19:32:28+00:00\",\"dateModified\":\"2025-10-06T18:50:36+00:00\",\"description\":\"Access to capital shouldn\u2019t hold your business back. At NSBC, our loan programs are designed for real-world entrepreneurs, with flexible terms, personalized support, and a deep understanding of local needs.\",\"breadcrumb\":{\"@id\":\"https:\/\/nscfdcnew.chaus.ca\/flexible-financial-solutions\/#breadcrumb\"},\"inLanguage\":\"fr-FR\",\"potentialAction\":[{\"@type\":\"ReadAction\",\"target\":[\"https:\/\/nscfdcnew.chaus.ca\/flexible-financial-solutions\/\"]}]},{\"@type\":\"ImageObject\",\"inLanguage\":\"fr-FR\",\"@id\":\"https:\/\/nscfdcnew.chaus.ca\/flexible-financial-solutions\/#primaryimage\",\"url\":\"https:\/\/nscfdcnew.chaus.ca\/wp-content\/uploads\/2025\/09\/pexels-a-darmel-7642093-scaled.jpg\",\"contentUrl\":\"https:\/\/nscfdcnew.chaus.ca\/wp-content\/uploads\/2025\/09\/pexels-a-darmel-7642093-scaled.jpg\"},{\"@type\":\"BreadcrumbList\",\"@id\":\"https:\/\/nscfdcnew.chaus.ca\/flexible-financial-solutions\/#breadcrumb\",\"itemListElement\":[{\"@type\":\"ListItem\",\"position\":1,\"name\":\"Home\",\"item\":\"https:\/\/nscfdcnew.chaus.ca\/\"},{\"@type\":\"ListItem\",\"position\":2,\"name\":\"Flexible Financial Solutions\"}]},{\"@type\":\"WebSite\",\"@id\":\"https:\/\/nscfdcnew.chaus.ca\/#website\",\"url\":\"https:\/\/nscfdcnew.chaus.ca\/\",\"name\":\"North Simcoe Business Centre | Mentorship. Support. Loans.\",\"description\":\"Where Small Businesses Start, Grow, and Succeed\",\"potentialAction\":[{\"@type\":\"SearchAction\",\"target\":{\"@type\":\"EntryPoint\",\"urlTemplate\":\"https:\/\/nscfdcnew.chaus.ca\/?s={search_term_string}\"},\"query-input\":{\"@type\":\"PropertyValueSpecification\",\"valueRequired\":true,\"valueName\":\"search_term_string\"}}],\"inLanguage\":\"fr-FR\"}]}<\/script>\n<!-- \/ Yoast SEO plugin. -->","yoast_head_json":{"title":"Flexible Financial Solutions - North Simcoe Business Centre | Mentorship. Support. Loans.","description":"Access to capital shouldn\u2019t hold your business back. At NSBC, our loan programs are designed for real-world entrepreneurs, with flexible terms, personalized support, and a deep understanding of local needs.","robots":{"index":"index","follow":"follow","max-snippet":"max-snippet:-1","max-image-preview":"max-image-preview:large","max-video-preview":"max-video-preview:-1"},"canonical":"https:\/\/nscfdcnew.chaus.ca\/fr\/flexible-financial-solutions\/","og_locale":"fr_FR","og_type":"article","og_title":"Flexible Financial Solutions - North Simcoe Business Centre | Mentorship. Support. Loans.","og_description":"Access to capital shouldn\u2019t hold your business back. At NSBC, our loan programs are designed for real-world entrepreneurs, with flexible terms, personalized support, and a deep understanding of local needs.","og_url":"https:\/\/nscfdcnew.chaus.ca\/fr\/flexible-financial-solutions\/","og_site_name":"North Simcoe Business Centre | Mentorship. Support. Loans.","article_modified_time":"2025-10-06T18:50:36+00:00","og_image":[{"width":2560,"height":1707,"url":"https:\/\/nscfdcnew.chaus.ca\/wp-content\/uploads\/2025\/09\/pexels-a-darmel-7642093-scaled.jpg","type":"image\/jpeg"}],"twitter_card":"summary_large_image","twitter_misc":{"Dur\u00e9e de lecture estim\u00e9e":"2 minutes"},"schema":{"@context":"https:\/\/schema.org","@graph":[{"@type":"WebPage","@id":"https:\/\/nscfdcnew.chaus.ca\/flexible-financial-solutions\/","url":"https:\/\/nscfdcnew.chaus.ca\/flexible-financial-solutions\/","name":"Flexible Financial Solutions - North Simcoe Business Centre | Mentorship. Support. Loans.","isPartOf":{"@id":"https:\/\/nscfdcnew.chaus.ca\/#website"},"primaryImageOfPage":{"@id":"https:\/\/nscfdcnew.chaus.ca\/flexible-financial-solutions\/#primaryimage"},"image":{"@id":"https:\/\/nscfdcnew.chaus.ca\/flexible-financial-solutions\/#primaryimage"},"thumbnailUrl":"https:\/\/nscfdcnew.chaus.ca\/wp-content\/uploads\/2025\/09\/pexels-a-darmel-7642093-scaled.jpg","datePublished":"2025-09-16T19:32:28+00:00","dateModified":"2025-10-06T18:50:36+00:00","description":"Access to capital shouldn\u2019t hold your business back. At NSBC, our loan programs are designed for real-world entrepreneurs, with flexible terms, personalized support, and a deep understanding of local needs.","breadcrumb":{"@id":"https:\/\/nscfdcnew.chaus.ca\/flexible-financial-solutions\/#breadcrumb"},"inLanguage":"fr-FR","potentialAction":[{"@type":"ReadAction","target":["https:\/\/nscfdcnew.chaus.ca\/flexible-financial-solutions\/"]}]},{"@type":"ImageObject","inLanguage":"fr-FR","@id":"https:\/\/nscfdcnew.chaus.ca\/flexible-financial-solutions\/#primaryimage","url":"https:\/\/nscfdcnew.chaus.ca\/wp-content\/uploads\/2025\/09\/pexels-a-darmel-7642093-scaled.jpg","contentUrl":"https:\/\/nscfdcnew.chaus.ca\/wp-content\/uploads\/2025\/09\/pexels-a-darmel-7642093-scaled.jpg"},{"@type":"BreadcrumbList","@id":"https:\/\/nscfdcnew.chaus.ca\/flexible-financial-solutions\/#breadcrumb","itemListElement":[{"@type":"ListItem","position":1,"name":"Home","item":"https:\/\/nscfdcnew.chaus.ca\/"},{"@type":"ListItem","position":2,"name":"Flexible Financial Solutions"}]},{"@type":"WebSite","@id":"https:\/\/nscfdcnew.chaus.ca\/#website","url":"https:\/\/nscfdcnew.chaus.ca\/","name":"North Simcoe Business Centre | Mentorship. Support. Loans.","description":"Where Small Businesses Start, Grow, and Succeed","potentialAction":[{"@type":"SearchAction","target":{"@type":"EntryPoint","urlTemplate":"https:\/\/nscfdcnew.chaus.ca\/?s={search_term_string}"},"query-input":{"@type":"PropertyValueSpecification","valueRequired":true,"valueName":"search_term_string"}}],"inLanguage":"fr-FR"}]}},"_links":{"self":[{"href":"https:\/\/nscfdcnew.chaus.ca\/fr\/wp-json\/wp\/v2\/pages\/6210","targetHints":{"allow":["GET"]}}],"collection":[{"href":"https:\/\/nscfdcnew.chaus.ca\/fr\/wp-json\/wp\/v2\/pages"}],"about":[{"href":"https:\/\/nscfdcnew.chaus.ca\/fr\/wp-json\/wp\/v2\/types\/page"}],"author":[{"embeddable":true,"href":"https:\/\/nscfdcnew.chaus.ca\/fr\/wp-json\/wp\/v2\/users\/1"}],"replies":[{"embeddable":true,"href":"https:\/\/nscfdcnew.chaus.ca\/fr\/wp-json\/wp\/v2\/comments?post=6210"}],"version-history":[{"count":64,"href":"https:\/\/nscfdcnew.chaus.ca\/fr\/wp-json\/wp\/v2\/pages\/6210\/revisions"}],"predecessor-version":[{"id":6954,"href":"https:\/\/nscfdcnew.chaus.ca\/fr\/wp-json\/wp\/v2\/pages\/6210\/revisions\/6954"}],"wp:attachment":[{"href":"https:\/\/nscfdcnew.chaus.ca\/fr\/wp-json\/wp\/v2\/media?parent=6210"}],"curies":[{"name":"wp","href":"https:\/\/api.w.org\/{rel}","templated":true}]}}