{"id":6155,"date":"2025-09-16T18:34:11","date_gmt":"2025-09-16T18:34:11","guid":{"rendered":"https:\/\/nscfdcnew.chaus.ca\/?page_id=6155"},"modified":"2025-10-01T11:18:11","modified_gmt":"2025-10-01T15:18:11","slug":"services","status":"publish","type":"page","link":"https:\/\/nscfdcnew.chaus.ca\/fr\/services\/","title":{"rendered":"D\u00e9couvrez nos services"},"content":{"rendered":"<div data-elementor-type=\"wp-page\" data-elementor-id=\"6155\" class=\"elementor elementor-6155\">\n\t\t\t\t<div class=\"elementor-element elementor-element-c34017d e-con-full qodef-elementor-content-grid e-flex e-con e-parent\" data-id=\"c34017d\" data-element_type=\"container\">\n\t\t<div class=\"elementor-element elementor-element-03e04c1 e-con-full e-flex e-con e-child\" data-id=\"03e04c1\" data-element_type=\"container\">\n\t\t\t\t<div class=\"elementor-element elementor-element-0013e66 elementor-widget-mobile__width-initial elementor-widget elementor-widget-startpro_core_section_title\" data-id=\"0013e66\" data-element_type=\"widget\" data-widget_type=\"startpro_core_section_title.default\">\n\t\t\t\t<div class=\"elementor-widget-container\">\n\t\t\t\t\t<div class=\"qodef-shortcode qodef-m  qodef-section-title qodef-alignment--left\">\n\t\t<h2 class=\"qodef-m-title\" >\n\t\t\t\t\tUn soutien local qui fait la diff\u00e9rence\t\t\t<\/h2>\n\t\t<p class=\"qodef-m-description\" >\n\t\tLe Centre d'affaires de Simcoe Nord aide les entrepreneurs \u00e0 b\u00e2tir des entreprises solides et durables. Nous offrons un encadrement personnalis\u00e9, un financement pratique et des services de d\u00e9veloppement ax\u00e9s sur la collectivit\u00e9, tous con\u00e7us pour vous aider \u00e0 r\u00e9ussir.\n\t<\/p>\n<\/div>\n\t\t\t\t<\/div>\n\t\t\t\t<\/div>\n\t\t\t\t<div class=\"elementor-element elementor-element-badfcbe elementor-widget elementor-widget-startpro_core_button\" data-id=\"badfcbe\" data-element_type=\"widget\" data-widget_type=\"startpro_core_button.default\">\n\t\t\t\t<div class=\"elementor-widget-container\">\n\t\t\t\t\t<a class=\"qodef-shortcode qodef-m  qodef-button qodef-layout--filled qodef-size--small qodef-html--link\" href=\"\/fr\/get-in-touch\/\" target=\"_self\" style=\"--qode-button-bg-color: #E97224;--qode-button-bg-hover-color: #02868B\">\n\t<span class=\"qodef-m-text\">Commen\u00e7ons<\/span>\n<\/a>\n\t\t\t\t<\/div>\n\t\t\t\t<\/div>\n\t\t\t\t<\/div>\n\t\t\t\t<\/div>\n\t\t<div class=\"elementor-element elementor-element-2474b6f e-con-full e-flex e-con e-parent\" data-id=\"2474b6f\" data-element_type=\"container\">\n\t\t\t\t<div class=\"elementor-element elementor-element-dba4a9d homepage-boxes elementor-widget elementor-widget-startpro_core_process_info_tabs\" data-id=\"dba4a9d\" data-element_type=\"widget\" data-widget_type=\"startpro_core_process_info_tabs.default\">\n\t\t\t\t<div class=\"elementor-widget-container\">\n\t\t\t\t\t<div class=\"qodef-shortcode qodef-m  qodef-process-info-tabs qodef-layout--gradient-overlay qodef-retina-scaling--yes qodef-enable-min-height--yes  qodef-items--4 qodef-grid qodef-layout--columns qodef-col-num--4 qodef-gutter--no qodef-vertical-gutter--no qodef-responsive--custom qodef-col-num--1512--4 qodef-col-num--1368--4 qodef-col-num--1200--2 qodef-col-num--1024--2 qodef-col-num--880--2 qodef-col-num--680--1\" style=\"--qode-process-min-height:564px\">\n\t<div class=\"qodef-grid-inner qodef-process-info-tabs-holder\">\n\t\t\t\t\t\t\t\t\t\t<div class=\"qodef-grid-item qodef-process-info-tabs-item-holder\">\n\t\t\t\t<div class=\"qodef-process-info-tabs-item qodef-item-skin--light qodef--has-appear qodef--appear-fade\" style=\"background-color: #02868B;padding: 9%\"  >\n\t\t\t\t\t<div class=\"qodef-process-info-tabs-content\">\n\t\t\t\t\t\t\t<h4 itemprop=\"name\" class=\"qodef-e-title entry-title\">\n\t\t\t\t\t<a itemprop=\"url\" href=\"\/fr\/business-coaching\/\" target=\"_self\">\n\t\t\t\t\t\tEntreprise experte<br \/> Coaching<br \/>\t\t\t\t\t<\/a>\n\t\t\t<\/h4>\n\t\t\t\t\t\t\t<p class=\"qodef-e-text\">\n\t\tDes conseils pratiques, une vision locale\t<\/p>\n\t\t\t\t\t<\/div>\n\t\t\t\t\t<div class=\"qodef-process-info-tabs-content-bottom\">\n\t\t\t\t\t\t\t<div class=\"qodef-m-button\">\r\n\t\t<a class=\"qodef-shortcode qodef-m  qodef-button qodef-layout--outlined-revealing  qodef-html--link qodef-reveal-direction--right\" href=\"\/fr\/business-coaching\/\" target=\"_self\" >    <span class=\"qodef-border-holder qodef-border-1\"><\/span>\t<span class=\"qodef-hidden-content\">        <span class=\"qodef-m-text\">En savoir plus<\/span>        <svg class=\"qodef-svg--button-arrow\" xmlns=\"http:\/\/www.w3.org\/2000\/svg\"\r     xmlns:xlink=\"http:\/\/www.w3.org\/1999\/xlink\" x=\"0px\" y=\"0px\"\r     width=\"9px\" height=\"9px\" viewbox=\"0 0 9 9\" style=\"enable-background:new 0 0 9 9; fill:currentColor;\"\r     xml:space=\"preserve\"><path d=\"M8,9V1.8L0.9,8.8L0.2,8.1L7.3,1H0V0h9v9H8z\"\/><path d=\"M8,9V1.8L0.9,8.8L0.2,8.1L7.3,1H0V0h9v9H8z\"\/><\/svg>    <\/span>    <span class=\"qodef-initial-arrow\">\t    <span class=\"qodef-border-holder qodef-border-2\"><\/span>        <svg class=\"qodef-svg--button-arrow\" xmlns=\"http:\/\/www.w3.org\/2000\/svg\"\r     xmlns:xlink=\"http:\/\/www.w3.org\/1999\/xlink\" x=\"0px\" y=\"0px\"\r     width=\"9px\" height=\"9px\" viewbox=\"0 0 9 9\" style=\"enable-background:new 0 0 9 9; fill:currentColor;\"\r     xml:space=\"preserve\"><path d=\"M8,9V1.8L0.9,8.8L0.2,8.1L7.3,1H0V0h9v9H8z\"\/><path d=\"M8,9V1.8L0.9,8.8L0.2,8.1L7.3,1H0V0h9v9H8z\"\/><\/svg>    <\/span><\/a>\t<\/div>\r\n\t\t\t\t\t<\/div>\n\n\t\t\t\t\t\t\t\t\t\t\t<a itemprop=\"url\" class=\"qodef-m-overlay-link\" href=\"\/fr\/business-coaching\/\" target=\"_self\"><\/a>\r\n\t\t\t\t<\/div>\n\t\t\t<\/div>\n\t\t\t\t\t\t\t\t\t<div class=\"qodef-grid-item qodef-process-info-tabs-item-holder\">\n\t\t\t\t<div class=\"qodef-process-info-tabs-item qodef-item-skin--light qodef--has-appear qodef--appear-fade\" style=\"background-image: url(https:\/\/nscfdcnew.chaus.ca\/wp-content\/uploads\/2025\/07\/Screenshot-2025-07-29-at-3.22.07-PM.png);padding: 9%\"  >\n\t\t\t\t\t<div class=\"qodef-process-info-tabs-content\">\n\t\t\t\t\t\t\t<h4 itemprop=\"name\" class=\"qodef-e-title entry-title\">\n\t\t\t\t\t<a itemprop=\"url\" href=\"\/fr\/flexible-financial-solutions\/\" target=\"_self\">\n\t\t\t\t\t\tEntreprises<br \/> Pr\u00eats\t\t\t\t\t<\/a>\n\t\t\t<\/h4>\n\t\t\t\t\t\t\t<p class=\"qodef-e-text\">\n\t\tFinancement accessible, impact sur la communaut\u00e9\t<\/p>\n\t\t\t\t\t<\/div>\n\t\t\t\t\t<div class=\"qodef-process-info-tabs-content-bottom\">\n\t\t\t\t\t\t\t<div class=\"qodef-m-button\">\r\n\t\t<a class=\"qodef-shortcode qodef-m  qodef-button qodef-layout--outlined-revealing  qodef-html--link qodef-reveal-direction--right\" href=\"\/fr\/flexible-financial-solutions\/\" target=\"_self\" >    <span class=\"qodef-border-holder qodef-border-1\"><\/span>\t<span class=\"qodef-hidden-content\">        <span class=\"qodef-m-text\">En savoir plus<\/span>        <svg class=\"qodef-svg--button-arrow\" xmlns=\"http:\/\/www.w3.org\/2000\/svg\"\r     xmlns:xlink=\"http:\/\/www.w3.org\/1999\/xlink\" x=\"0px\" y=\"0px\"\r     width=\"9px\" height=\"9px\" viewbox=\"0 0 9 9\" style=\"enable-background:new 0 0 9 9; fill:currentColor;\"\r     xml:space=\"preserve\"><path d=\"M8,9V1.8L0.9,8.8L0.2,8.1L7.3,1H0V0h9v9H8z\"\/><path d=\"M8,9V1.8L0.9,8.8L0.2,8.1L7.3,1H0V0h9v9H8z\"\/><\/svg>    <\/span>    <span class=\"qodef-initial-arrow\">\t    <span class=\"qodef-border-holder qodef-border-2\"><\/span>        <svg class=\"qodef-svg--button-arrow\" xmlns=\"http:\/\/www.w3.org\/2000\/svg\"\r     xmlns:xlink=\"http:\/\/www.w3.org\/1999\/xlink\" x=\"0px\" y=\"0px\"\r     width=\"9px\" height=\"9px\" viewbox=\"0 0 9 9\" style=\"enable-background:new 0 0 9 9; fill:currentColor;\"\r     xml:space=\"preserve\"><path d=\"M8,9V1.8L0.9,8.8L0.2,8.1L7.3,1H0V0h9v9H8z\"\/><path d=\"M8,9V1.8L0.9,8.8L0.2,8.1L7.3,1H0V0h9v9H8z\"\/><\/svg>    <\/span><\/a>\t<\/div>\r\n\t\t\t\t\t<\/div>\n\n\t\t\t\t\t\t\t\t\t\t\t<a itemprop=\"url\" class=\"qodef-m-overlay-link\" href=\"\/fr\/flexible-financial-solutions\/\" target=\"_self\"><\/a>\r\n\t\t\t\t<\/div>\n\t\t\t<\/div>\n\t\t\t\t\t\t\t\t\t<div class=\"qodef-grid-item qodef-process-info-tabs-item-holder\">\n\t\t\t\t<div class=\"qodef-process-info-tabs-item qodef-item-skin--light qodef--has-appear qodef--appear-fade\" style=\"background-color: #69A7DA;padding: 9%\"  >\n\t\t\t\t\t<div class=\"qodef-process-info-tabs-content\">\n\t\t\t\t\t\t\t<h4 itemprop=\"name\" class=\"qodef-e-title entry-title\">\n\t\t\t\t\t<a itemprop=\"url\" href=\"\/fr\/empowering-local-business-growth\/\" target=\"_self\">\n\t\t\t\t\t\tD\u00e9veloppement communautaire<br \/>\t\t\t\t\t<\/a>\n\t\t\t<\/h4>\n\t\t\t\t\t\t\t<p class=\"qodef-e-text\">\n\t\tDes programmes adapt\u00e9s aux besoins locaux\t<\/p>\n\t\t\t\t\t<\/div>\n\t\t\t\t\t<div class=\"qodef-process-info-tabs-content-bottom\">\n\t\t\t\t\t\t\t<div class=\"qodef-m-button\">\r\n\t\t<a class=\"qodef-shortcode qodef-m  qodef-button qodef-layout--outlined-revealing  qodef-html--link qodef-reveal-direction--right\" href=\"\/fr\/empowering-local-business-growth\/\" target=\"_self\" >    <span class=\"qodef-border-holder qodef-border-1\"><\/span>\t<span class=\"qodef-hidden-content\">        <span class=\"qodef-m-text\">En savoir plus<\/span>        <svg class=\"qodef-svg--button-arrow\" xmlns=\"http:\/\/www.w3.org\/2000\/svg\"\r     xmlns:xlink=\"http:\/\/www.w3.org\/1999\/xlink\" x=\"0px\" y=\"0px\"\r     width=\"9px\" height=\"9px\" viewbox=\"0 0 9 9\" style=\"enable-background:new 0 0 9 9; fill:currentColor;\"\r     xml:space=\"preserve\"><path d=\"M8,9V1.8L0.9,8.8L0.2,8.1L7.3,1H0V0h9v9H8z\"\/><path d=\"M8,9V1.8L0.9,8.8L0.2,8.1L7.3,1H0V0h9v9H8z\"\/><\/svg>    <\/span>    <span class=\"qodef-initial-arrow\">\t    <span class=\"qodef-border-holder qodef-border-2\"><\/span>        <svg class=\"qodef-svg--button-arrow\" xmlns=\"http:\/\/www.w3.org\/2000\/svg\"\r     xmlns:xlink=\"http:\/\/www.w3.org\/1999\/xlink\" x=\"0px\" y=\"0px\"\r     width=\"9px\" height=\"9px\" viewbox=\"0 0 9 9\" style=\"enable-background:new 0 0 9 9; fill:currentColor;\"\r     xml:space=\"preserve\"><path d=\"M8,9V1.8L0.9,8.8L0.2,8.1L7.3,1H0V0h9v9H8z\"\/><path d=\"M8,9V1.8L0.9,8.8L0.2,8.1L7.3,1H0V0h9v9H8z\"\/><\/svg>    <\/span><\/a>\t<\/div>\r\n\t\t\t\t\t<\/div>\n\n\t\t\t\t\t\t\t\t\t\t\t<a itemprop=\"url\" class=\"qodef-m-overlay-link\" href=\"\/fr\/empowering-local-business-growth\/\" target=\"_self\"><\/a>\r\n\t\t\t\t<\/div>\n\t\t\t<\/div>\n\t\t\t\t\t\t\t\t\t<div class=\"qodef-grid-item qodef-process-info-tabs-item-holder\">\n\t\t\t\t<div class=\"qodef-process-info-tabs-item qodef-item-skin--light qodef--has-appear qodef--appear-fade\" style=\"background-image: url(https:\/\/nscfdcnew.chaus.ca\/wp-content\/uploads\/2025\/07\/Screenshot-2025-07-29-at-3.24.11-PM.png);padding: 9%\"  >\n\t\t\t\t\t<div class=\"qodef-process-info-tabs-content\">\n\t\t\t\t\t\t\t<h4 itemprop=\"name\" class=\"qodef-e-title entry-title\">\n\t\t\t\t\t<a itemprop=\"url\" href=\"\/fr\/business-tools-for-success\/\" target=\"_self\">\n\t\t\t\t\t\tTransition d'entreprise<br \/> \t\t\t\t\t<\/a>\n\t\t\t<\/h4>\n\t\t\t\t\t\t\t<p class=\"qodef-e-text\">\n\t\tDes outils pour r\u00e9ussir\t<\/p>\n\t\t\t\t\t<\/div>\n\t\t\t\t\t<div class=\"qodef-process-info-tabs-content-bottom\">\n\t\t\t\t\t\t\t<div class=\"qodef-m-button\">\r\n\t\t<a class=\"qodef-shortcode qodef-m  qodef-button qodef-layout--outlined-revealing  qodef-html--link qodef-reveal-direction--right\" href=\"\/fr\/business-tools-for-success\/\" target=\"_self\" >    <span class=\"qodef-border-holder qodef-border-1\"><\/span>\t<span class=\"qodef-hidden-content\">        <span class=\"qodef-m-text\">En savoir plus<\/span>        <svg class=\"qodef-svg--button-arrow\" xmlns=\"http:\/\/www.w3.org\/2000\/svg\"\r     xmlns:xlink=\"http:\/\/www.w3.org\/1999\/xlink\" x=\"0px\" y=\"0px\"\r     width=\"9px\" height=\"9px\" viewbox=\"0 0 9 9\" style=\"enable-background:new 0 0 9 9; fill:currentColor;\"\r     xml:space=\"preserve\"><path d=\"M8,9V1.8L0.9,8.8L0.2,8.1L7.3,1H0V0h9v9H8z\"\/><path d=\"M8,9V1.8L0.9,8.8L0.2,8.1L7.3,1H0V0h9v9H8z\"\/><\/svg>    <\/span>    <span class=\"qodef-initial-arrow\">\t    <span class=\"qodef-border-holder qodef-border-2\"><\/span>        <svg class=\"qodef-svg--button-arrow\" xmlns=\"http:\/\/www.w3.org\/2000\/svg\"\r     xmlns:xlink=\"http:\/\/www.w3.org\/1999\/xlink\" x=\"0px\" y=\"0px\"\r     width=\"9px\" height=\"9px\" viewbox=\"0 0 9 9\" style=\"enable-background:new 0 0 9 9; fill:currentColor;\"\r     xml:space=\"preserve\"><path d=\"M8,9V1.8L0.9,8.8L0.2,8.1L7.3,1H0V0h9v9H8z\"\/><path d=\"M8,9V1.8L0.9,8.8L0.2,8.1L7.3,1H0V0h9v9H8z\"\/><\/svg>    <\/span><\/a>\t<\/div>\r\n\t\t\t\t\t<\/div>\n\n\t\t\t\t\t\t\t\t\t\t\t<a itemprop=\"url\" class=\"qodef-m-overlay-link\" href=\"\/fr\/business-tools-for-success\/\" target=\"_self\"><\/a>\r\n\t\t\t\t<\/div>\n\t\t\t<\/div>\n\t\t\t\t<\/div>\n<\/div>\n\t\t\t\t<\/div>\n\t\t\t\t<\/div>\n\t\t\t\t<\/div>\n\t\t\t\t<\/div>","protected":false},"excerpt":{"rendered":"<p>Local Support That Makes a Difference North Simcoe Business Centre helps entrepreneurs build strong, sustainable businesses. We offer personalized coaching, practical financing, and community-focused development services, all designed to help you succeed. Let&#039;s Get Started Expert Business Coaching Practical advice, local insight Read more Business Loans Accessible funding, community impact Read more Community Development Programs [&hellip;]<\/p>","protected":false},"author":1,"featured_media":0,"parent":0,"menu_order":0,"comment_status":"closed","ping_status":"closed","template":"page-full-width.php","meta":{"footnotes":""},"class_list":["post-6155","page","type-page","status-publish","hentry"],"yoast_head":"<!-- This site is optimized with the Yoast SEO plugin v26.0 - https:\/\/yoast.com\/wordpress\/plugins\/seo\/ -->\n<title>Explore our services - North Simcoe Business Centre | Mentorship. Support. Loans.<\/title>\n<meta name=\"description\" content=\"North Simcoe Business Centre helps entrepreneurs build strong, sustainable businesses. We offer personalized coaching, practical financing, and community-focused development services, all designed to help you succeed.\" \/>\n<meta name=\"robots\" content=\"index, follow, max-snippet:-1, max-image-preview:large, max-video-preview:-1\" \/>\n<link rel=\"canonical\" href=\"https:\/\/nscfdcnew.chaus.ca\/fr\/services\/\" \/>\n<meta property=\"og:locale\" content=\"fr_FR\" \/>\n<meta property=\"og:type\" content=\"article\" \/>\n<meta property=\"og:title\" content=\"Explore our services - North Simcoe Business Centre | Mentorship. Support. Loans.\" \/>\n<meta property=\"og:description\" content=\"North Simcoe Business Centre helps entrepreneurs build strong, sustainable businesses. We offer personalized coaching, practical financing, and community-focused development services, all designed to help you succeed.\" \/>\n<meta property=\"og:url\" content=\"https:\/\/nscfdcnew.chaus.ca\/fr\/services\/\" \/>\n<meta property=\"og:site_name\" content=\"North Simcoe Business Centre | Mentorship. Support. Loans.\" \/>\n<meta property=\"article:modified_time\" content=\"2025-10-01T15:18:11+00:00\" \/>\n<meta name=\"twitter:card\" content=\"summary_large_image\" \/>\n<meta name=\"twitter:label1\" content=\"Dur\u00e9e de lecture estim\u00e9e\" \/>\n\t<meta name=\"twitter:data1\" content=\"1 minute\" \/>\n<script type=\"application\/ld+json\" class=\"yoast-schema-graph\">{\"@context\":\"https:\/\/schema.org\",\"@graph\":[{\"@type\":\"WebPage\",\"@id\":\"https:\/\/nscfdcnew.chaus.ca\/services\/\",\"url\":\"https:\/\/nscfdcnew.chaus.ca\/services\/\",\"name\":\"Explore our services - North Simcoe Business Centre | Mentorship. Support. Loans.\",\"isPartOf\":{\"@id\":\"https:\/\/nscfdcnew.chaus.ca\/#website\"},\"datePublished\":\"2025-09-16T18:34:11+00:00\",\"dateModified\":\"2025-10-01T15:18:11+00:00\",\"description\":\"North Simcoe Business Centre helps entrepreneurs build strong, sustainable businesses. We offer personalized coaching, practical financing, and community-focused development services, all designed to help you succeed.\",\"breadcrumb\":{\"@id\":\"https:\/\/nscfdcnew.chaus.ca\/services\/#breadcrumb\"},\"inLanguage\":\"fr-FR\",\"potentialAction\":[{\"@type\":\"ReadAction\",\"target\":[\"https:\/\/nscfdcnew.chaus.ca\/services\/\"]}]},{\"@type\":\"BreadcrumbList\",\"@id\":\"https:\/\/nscfdcnew.chaus.ca\/services\/#breadcrumb\",\"itemListElement\":[{\"@type\":\"ListItem\",\"position\":1,\"name\":\"Home\",\"item\":\"https:\/\/nscfdcnew.chaus.ca\/\"},{\"@type\":\"ListItem\",\"position\":2,\"name\":\"Explore our services\"}]},{\"@type\":\"WebSite\",\"@id\":\"https:\/\/nscfdcnew.chaus.ca\/#website\",\"url\":\"https:\/\/nscfdcnew.chaus.ca\/\",\"name\":\"North Simcoe Business Centre | Mentorship. Support. Loans.\",\"description\":\"Where Small Businesses Start, Grow, and Succeed\",\"potentialAction\":[{\"@type\":\"SearchAction\",\"target\":{\"@type\":\"EntryPoint\",\"urlTemplate\":\"https:\/\/nscfdcnew.chaus.ca\/?s={search_term_string}\"},\"query-input\":{\"@type\":\"PropertyValueSpecification\",\"valueRequired\":true,\"valueName\":\"search_term_string\"}}],\"inLanguage\":\"fr-FR\"}]}<\/script>\n<!-- \/ Yoast SEO plugin. -->","yoast_head_json":{"title":"Explore our services - North Simcoe Business Centre | Mentorship. Support. Loans.","description":"Le Centre d'affaires de Simcoe Nord aide les entrepreneurs \u00e0 b\u00e2tir des entreprises solides et durables. Nous offrons un encadrement personnalis\u00e9, un financement pratique et des services de d\u00e9veloppement ax\u00e9s sur la collectivit\u00e9, tous con\u00e7us pour vous aider \u00e0 r\u00e9ussir.","robots":{"index":"index","follow":"follow","max-snippet":"max-snippet:-1","max-image-preview":"max-image-preview:large","max-video-preview":"max-video-preview:-1"},"canonical":"https:\/\/nscfdcnew.chaus.ca\/fr\/services\/","og_locale":"fr_FR","og_type":"article","og_title":"Explore our services - North Simcoe Business Centre | Mentorship. Support. Loans.","og_description":"North Simcoe Business Centre helps entrepreneurs build strong, sustainable businesses. We offer personalized coaching, practical financing, and community-focused development services, all designed to help you succeed.","og_url":"https:\/\/nscfdcnew.chaus.ca\/fr\/services\/","og_site_name":"North Simcoe Business Centre | Mentorship. Support. Loans.","article_modified_time":"2025-10-01T15:18:11+00:00","twitter_card":"summary_large_image","twitter_misc":{"Dur\u00e9e de lecture estim\u00e9e":"1 minute"},"schema":{"@context":"https:\/\/schema.org","@graph":[{"@type":"WebPage","@id":"https:\/\/nscfdcnew.chaus.ca\/services\/","url":"https:\/\/nscfdcnew.chaus.ca\/services\/","name":"Explore our services - North Simcoe Business Centre | Mentorship. Support. Loans.","isPartOf":{"@id":"https:\/\/nscfdcnew.chaus.ca\/#website"},"datePublished":"2025-09-16T18:34:11+00:00","dateModified":"2025-10-01T15:18:11+00:00","description":"Le Centre d'affaires de Simcoe Nord aide les entrepreneurs \u00e0 b\u00e2tir des entreprises solides et durables. Nous offrons un encadrement personnalis\u00e9, un financement pratique et des services de d\u00e9veloppement ax\u00e9s sur la collectivit\u00e9, tous con\u00e7us pour vous aider \u00e0 r\u00e9ussir.","breadcrumb":{"@id":"https:\/\/nscfdcnew.chaus.ca\/services\/#breadcrumb"},"inLanguage":"fr-FR","potentialAction":[{"@type":"ReadAction","target":["https:\/\/nscfdcnew.chaus.ca\/services\/"]}]},{"@type":"BreadcrumbList","@id":"https:\/\/nscfdcnew.chaus.ca\/services\/#breadcrumb","itemListElement":[{"@type":"ListItem","position":1,"name":"Home","item":"https:\/\/nscfdcnew.chaus.ca\/"},{"@type":"ListItem","position":2,"name":"Explore our services"}]},{"@type":"WebSite","@id":"https:\/\/nscfdcnew.chaus.ca\/#website","url":"https:\/\/nscfdcnew.chaus.ca\/","name":"North Simcoe Business Centre | Mentorship. Support. Loans.","description":"Where Small Businesses Start, Grow, and Succeed","potentialAction":[{"@type":"SearchAction","target":{"@type":"EntryPoint","urlTemplate":"https:\/\/nscfdcnew.chaus.ca\/?s={search_term_string}"},"query-input":{"@type":"PropertyValueSpecification","valueRequired":true,"valueName":"search_term_string"}}],"inLanguage":"fr-FR"}]}},"_links":{"self":[{"href":"https:\/\/nscfdcnew.chaus.ca\/fr\/wp-json\/wp\/v2\/pages\/6155","targetHints":{"allow":["GET"]}}],"collection":[{"href":"https:\/\/nscfdcnew.chaus.ca\/fr\/wp-json\/wp\/v2\/pages"}],"about":[{"href":"https:\/\/nscfdcnew.chaus.ca\/fr\/wp-json\/wp\/v2\/types\/page"}],"author":[{"embeddable":true,"href":"https:\/\/nscfdcnew.chaus.ca\/fr\/wp-json\/wp\/v2\/users\/1"}],"replies":[{"embeddable":true,"href":"https:\/\/nscfdcnew.chaus.ca\/fr\/wp-json\/wp\/v2\/comments?post=6155"}],"version-history":[{"count":26,"href":"https:\/\/nscfdcnew.chaus.ca\/fr\/wp-json\/wp\/v2\/pages\/6155\/revisions"}],"predecessor-version":[{"id":6877,"href":"https:\/\/nscfdcnew.chaus.ca\/fr\/wp-json\/wp\/v2\/pages\/6155\/revisions\/6877"}],"wp:attachment":[{"href":"https:\/\/nscfdcnew.chaus.ca\/fr\/wp-json\/wp\/v2\/media?parent=6155"}],"curies":[{"name":"wp","href":"https:\/\/api.w.org\/{rel}","templated":true}]}}