{"id":3292,"date":"2024-10-24T12:10:32","date_gmt":"2024-10-24T12:10:32","guid":{"rendered":"https:\/\/startpro.qodeinteractive.com\/?page_id=3292"},"modified":"2025-10-06T09:22:39","modified_gmt":"2025-10-06T13:22:39","slug":"get-in-touch","status":"publish","type":"page","link":"https:\/\/nscfdcnew.chaus.ca\/fr\/get-in-touch\/","title":{"rendered":"Get in touch"},"content":{"rendered":"<div data-elementor-type=\"wp-page\" data-elementor-id=\"3292\" class=\"elementor elementor-3292\">\n\t\t\t\t<div class=\"elementor-element elementor-element-c7eb53d e-con-full e-flex e-con e-parent\" data-id=\"c7eb53d\" data-element_type=\"container\" data-settings=\"{&quot;background_background&quot;:&quot;classic&quot;}\">\n\t\t<div class=\"elementor-element elementor-element-603b120 e-con-full qodef-elementor-content-grid e-flex e-con e-child\" data-id=\"603b120\" data-element_type=\"container\">\n\t\t\t\t<div class=\"elementor-element elementor-element-89dcfca elementor-widget elementor-widget-startpro_core_section_title\" data-id=\"89dcfca\" data-element_type=\"widget\" data-widget_type=\"startpro_core_section_title.default\">\n\t\t\t\t<div class=\"elementor-widget-container\">\n\t\t\t\t\t<div class=\"qodef-shortcode qodef-m  qodef-section-title qodef-alignment--center\">\n\t\t<h1 class=\"qodef-m-title\" style=\"color: #FFFFFF\">\n\t\t\t\t\tCommencer\t\t\t<\/h1>\n\t<\/div>\n\t\t\t\t<\/div>\n\t\t\t\t<\/div>\n\t\t\t\t<\/div>\n\t\t\t\t<\/div>\n\t\t<div class=\"elementor-element elementor-element-6ad17fc e-con-full e-flex e-con e-parent\" data-id=\"6ad17fc\" data-element_type=\"container\">\n\t\t<div class=\"elementor-element elementor-element-cfd8f9e e-con-full qodef-elementor-content-grid e-flex e-con e-child\" data-id=\"cfd8f9e\" data-element_type=\"container\" data-settings=\"{&quot;background_background&quot;:&quot;classic&quot;}\">\n\t\t<div class=\"elementor-element elementor-element-07b9511 e-con-full e-flex e-con e-child\" data-id=\"07b9511\" data-element_type=\"container\">\n\t\t<div class=\"elementor-element elementor-element-d7d6051 e-con-full e-flex e-con e-child\" data-id=\"d7d6051\" data-element_type=\"container\">\n\t\t\t\t<div class=\"elementor-element elementor-element-a5b9918 elementor-widget__width-initial elementor-widget elementor-widget-startpro_core_section_title\" data-id=\"a5b9918\" data-element_type=\"widget\" data-widget_type=\"startpro_core_section_title.default\">\n\t\t\t\t<div class=\"elementor-widget-container\">\n\t\t\t\t\t<div class=\"qodef-shortcode qodef-m  qodef-section-title qodef-alignment--left\">\n\t\t<h3 class=\"qodef-m-title\" >\n\t\t\t\t\tConnectez-vous avec nous\t\t\t<\/h3>\n\t\t<span class=\"qodef-m-description\" style=\"margin-top: 16px\">\n\t\tVous souhaitez savoir comment nous pouvons aider votre entreprise \u00e0 se d\u00e9velopper ? Entrez en contact avec nous pour explorer les programmes, les partenariats et les outils con\u00e7us pour faire progresser votre entreprise. Contactez-nous par courriel, par t\u00e9l\u00e9phone ou en remplissant le formulaire de contact et nous vous recontacterons.\t<\/span>\n<\/div>\n\t\t\t\t<\/div>\n\t\t\t\t<\/div>\n\t\t\t\t<\/div>\n\t\t<div class=\"elementor-element elementor-element-5b058e0 e-con-full e-flex e-con e-child\" data-id=\"5b058e0\" data-element_type=\"container\">\n\t\t\t\t<div class=\"elementor-element elementor-element-b3643b6 elementor-widget elementor-widget-startpro_core_icon_list_item\" data-id=\"b3643b6\" data-element_type=\"widget\" data-widget_type=\"startpro_core_icon_list_item.default\">\n\t\t\t\t<div class=\"elementor-widget-container\">\n\t\t\t\t\t<div class=\"qodef-icon-list-item qodef-icon--icon-pack\" >\n\t<span class=\"qodef-e-title\" >\n\t\t\t\t\t<a itemprop=\"url\" href=\"mailto:hello@nsbcentre.com\" target=\"_self\">\n\t\t\t\t\t<span class=\"qodef-e-title-inner\">\n\t\t\t\t<span class=\"qodef-shortcode qodef-m  qodef-icon-holder  qodef-layout--normal\"  >\t\t\t<span class=\"qodef-icon-elegant-icons icon_mail_alt qodef-icon qodef-e\" style=\"\" ><\/span>\t<\/span>\t\t\t\t<span class=\"qodef-e-title-text\">hello@nsbcentre.com<\/span>\n\t\t\t<\/span>\n\t\t\t\t\t<\/a>\n\t\t\t<\/span>\n<\/div>\n\t\t\t\t<\/div>\n\t\t\t\t<\/div>\n\t\t\t\t<div class=\"elementor-element elementor-element-628bc1d elementor-widget elementor-widget-startpro_core_icon_list_item\" data-id=\"628bc1d\" data-element_type=\"widget\" data-widget_type=\"startpro_core_icon_list_item.default\">\n\t\t\t\t<div class=\"elementor-widget-container\">\n\t\t\t\t\t<div class=\"qodef-icon-list-item qodef-icon--icon-pack\" >\n\t<span class=\"qodef-e-title\" >\n\t\t\t\t\t<a itemprop=\"url\" href=\"tel:705-245-1400\" target=\"_self\">\n\t\t\t\t\t<span class=\"qodef-e-title-inner\">\n\t\t\t\t<span class=\"qodef-shortcode qodef-m  qodef-icon-holder  qodef-layout--normal\"  >\t\t\t<span class=\"qodef-icon-elegant-icons icon_mobile qodef-icon qodef-e\" style=\"\" ><\/span>\t<\/span>\t\t\t\t<span class=\"qodef-e-title-text\">705-245-1400 Ext : 1<\/span>\n\t\t\t<\/span>\n\t\t\t\t\t<\/a>\n\t\t\t<\/span>\n<\/div>\n\t\t\t\t<\/div>\n\t\t\t\t<\/div>\n\t\t\t\t<div class=\"elementor-element elementor-element-ad66370 elementor-widget elementor-widget-startpro_core_icon_list_item\" data-id=\"ad66370\" data-element_type=\"widget\" data-widget_type=\"startpro_core_icon_list_item.default\">\n\t\t\t\t<div class=\"elementor-widget-container\">\n\t\t\t\t\t<div class=\"qodef-icon-list-item qodef-icon--icon-pack\" >\n\t<span class=\"qodef-e-title\" >\n\t\t\t\t\t<a itemprop=\"url\" href=\"tel:705-526-1371\" target=\"_self\">\n\t\t\t\t\t<span class=\"qodef-e-title-inner\">\n\t\t\t\t<span class=\"qodef-shortcode qodef-m  qodef-icon-holder  qodef-layout--normal\"  >\t\t\t<span class=\"qodef-icon-elegant-icons icon_pin_alt qodef-icon qodef-e\" style=\"\" ><\/span>\t<\/span>\t\t\t\t<span class=\"qodef-e-title-text\">600 Hugel Avenue, Midland, ON L4R 1W4<\/span>\n\t\t\t<\/span>\n\t\t\t\t\t<\/a>\n\t\t\t<\/span>\n<\/div>\n\t\t\t\t<\/div>\n\t\t\t\t<\/div>\n\t\t\t\t<div class=\"elementor-element elementor-element-bc73436 elementor-widget elementor-widget-startpro_core_icon_list_item\" data-id=\"bc73436\" data-element_type=\"widget\" data-widget_type=\"startpro_core_icon_list_item.default\">\n\t\t\t\t<div class=\"elementor-widget-container\">\n\t\t\t\t\t<div class=\"qodef-icon-list-item qodef-icon--icon-pack\" >\n\t<span class=\"qodef-e-title\" >\n\t\t\t\t\t<span class=\"qodef-e-title-inner\">\n\t\t\t\t<span class=\"qodef-shortcode qodef-m  qodef-icon-holder  qodef-layout--normal\"  >\t\t\t<span class=\"qodef-icon-elegant-icons icon_clock_alt qodef-icon qodef-e\" style=\"\" ><\/span>\t<\/span>\t\t\t\t<span class=\"qodef-e-title-text\">Heures d'ouverture : 8h-16h, du lundi au vendredi<\/span>\n\t\t\t<\/span>\n\t\t\t<\/span>\n<\/div>\n\t\t\t\t<\/div>\n\t\t\t\t<\/div>\n\t\t\t\t<\/div>\n\t\t\t\t<\/div>\n\t\t<div class=\"elementor-element elementor-element-0c0684f e-con-full e-flex e-con e-child\" data-id=\"0c0684f\" data-element_type=\"container\" data-settings=\"{&quot;background_background&quot;:&quot;classic&quot;}\">\n\t\t\t\t<div class=\"elementor-element elementor-element-5c13145 elementor-widget__width-inherit elementor-widget elementor-widget-wp-widget-startpro_core_contact_form_7\" data-id=\"5c13145\" data-element_type=\"widget\" data-widget_type=\"wp-widget-startpro_core_contact_form_7.default\">\n\t\t\t\t<div class=\"elementor-widget-container\">\n\t\t\t\t\t\t\t\t<div class=\"qodef-contact-form-7\">\n\t\t\t\t\n<div class=\"wpcf7 no-js\" id=\"wpcf7-f7-o1\" lang=\"en-US\" dir=\"ltr\" data-wpcf7-id=\"7\">\n<div class=\"screen-reader-response\"><p role=\"status\" aria-live=\"polite\" aria-atomic=\"true\"><\/p> <ul><\/ul><\/div>\n<form action=\"\/fr\/wp-json\/wp\/v2\/pages\/3292#wpcf7-f7-o1\" method=\"post\" class=\"wpcf7-form init\" aria-label=\"Contact form\" novalidate=\"novalidate\" data-status=\"init\" data-trp-original-action=\"\/fr\/wp-json\/wp\/v2\/pages\/3292#wpcf7-f7-o1\">\n<fieldset class=\"hidden-fields-container\"><input type=\"hidden\" name=\"_wpcf7\" value=\"7\" \/><input type=\"hidden\" name=\"_wpcf7_version\" value=\"6.1.1\" \/><input type=\"hidden\" name=\"_wpcf7_locale\" value=\"en_US\" \/><input type=\"hidden\" name=\"_wpcf7_unit_tag\" value=\"wpcf7-f7-o1\" \/><input type=\"hidden\" name=\"_wpcf7_container_post\" value=\"0\" \/><input type=\"hidden\" name=\"_wpcf7_posted_data_hash\" value=\"\" \/>\n<\/fieldset>\n<label> Nom complet\n    <span class=\"wpcf7-form-control-wrap\" data-name=\"your-name\"><input size=\"40\" maxlength=\"400\" class=\"wpcf7-form-control wpcf7-text wpcf7-validates-as-required\" autocomplete=\"name\" aria-required=\"true\" aria-invalid=\"false\" value=\"\" type=\"text\" name=\"your-name\" \/><\/span> <\/label>\n\n<label> Adresse \u00e9lectronique\n    <span class=\"wpcf7-form-control-wrap\" data-name=\"your-email\"><input size=\"40\" maxlength=\"400\" class=\"wpcf7-form-control wpcf7-email wpcf7-validates-as-required wpcf7-text wpcf7-validates-as-email\" autocomplete=\"email\" aria-required=\"true\" aria-invalid=\"false\" value=\"\" type=\"email\" name=\"your-email\" \/><\/span> <\/label>\n\n<label> Num\u00e9ro de t\u00e9l\u00e9phone\n    <span class=\"wpcf7-form-control-wrap\" data-name=\"tel-217\"><input size=\"40\" maxlength=\"400\" class=\"wpcf7-form-control wpcf7-tel wpcf7-text wpcf7-validates-as-tel\" aria-invalid=\"false\" value=\"\" type=\"tel\" name=\"tel-217\" \/><\/span> <\/label>\n\n<label> Sujet\n    <span class=\"wpcf7-form-control-wrap\" data-name=\"your-subject\"><input size=\"40\" maxlength=\"400\" class=\"wpcf7-form-control wpcf7-text wpcf7-validates-as-required\" aria-required=\"true\" aria-invalid=\"false\" value=\"\" type=\"text\" name=\"your-subject\" \/><\/span> <\/label>\n\n<label> Votre message \n    <span class=\"wpcf7-form-control-wrap\" data-name=\"your-message\"><textarea cols=\"40\" rows=\"10\" maxlength=\"2000\" class=\"wpcf7-form-control wpcf7-textarea\" aria-invalid=\"false\" name=\"your-message\"><\/textarea><\/span> <\/label>\n\n<button class=\"wpcf7-form-control wpcf7-submit qodef-button qodef-size--normal qodef-layout--filled qodef-m\" type=\"submit\"><span class=\"qodef-m-text\">Soumettre<\/span><\/button><div class=\"wpcf7-response-output\" aria-hidden=\"true\"><\/div>\n<input type=\"hidden\" name=\"trp-form-language\" value=\"fr\"\/><\/form>\n<\/div>\n\t\t\t<\/div>\n\t\t\t\t\t\t\t<\/div>\n\t\t\t\t<\/div>\n\t\t\t\t<\/div>\n\t\t\t\t<\/div>\n\t\t\t\t<\/div>\n\t\t\t\t<\/div>","protected":false},"excerpt":{"rendered":"<p>Get Started Connect with us Interested in seeing how we can help your business grow? Connect with us to explore programs, partnerships, and tools designed to move your business forward. Contact us by email, phone or fill out the contact form and we will be in touch. hello@nsbcentre.com 705-245-1400 Ext: 1 600 Hugel Avenue, Midland, [&hellip;]<\/p>","protected":false},"author":1,"featured_media":0,"parent":0,"menu_order":0,"comment_status":"closed","ping_status":"closed","template":"page-full-width.php","meta":{"footnotes":""},"class_list":["post-3292","page","type-page","status-publish","hentry"],"yoast_head":"<!-- This site is optimized with the Yoast SEO plugin v26.0 - https:\/\/yoast.com\/wordpress\/plugins\/seo\/ -->\n<title>Get in touch - North Simcoe Business Centre | Mentorship. Support. Loans.<\/title>\n<meta name=\"description\" content=\"Interested in seeing how we can help your business grow? Connect with us to explore programs, partnerships, and tools designed to move your business forward. Contact us by email, phone or fill out the contact form and we will be in touch.\" \/>\n<meta name=\"robots\" content=\"index, follow, max-snippet:-1, max-image-preview:large, max-video-preview:-1\" \/>\n<link rel=\"canonical\" href=\"https:\/\/nscfdcnew.chaus.ca\/fr\/get-in-touch\/\" \/>\n<meta property=\"og:locale\" content=\"fr_FR\" \/>\n<meta property=\"og:type\" content=\"article\" \/>\n<meta property=\"og:title\" content=\"Get in touch - North Simcoe Business Centre | Mentorship. Support. Loans.\" \/>\n<meta property=\"og:description\" content=\"Interested in seeing how we can help your business grow? Connect with us to explore programs, partnerships, and tools designed to move your business forward. Contact us by email, phone or fill out the contact form and we will be in touch.\" \/>\n<meta property=\"og:url\" content=\"https:\/\/nscfdcnew.chaus.ca\/fr\/get-in-touch\/\" \/>\n<meta property=\"og:site_name\" content=\"North Simcoe Business Centre | Mentorship. Support. Loans.\" \/>\n<meta property=\"article:modified_time\" content=\"2025-10-06T13:22:39+00:00\" \/>\n<meta name=\"twitter:card\" content=\"summary_large_image\" \/>\n<meta name=\"twitter:label1\" content=\"Dur\u00e9e de lecture estim\u00e9e\" \/>\n\t<meta name=\"twitter:data1\" content=\"1 minute\" \/>\n<script type=\"application\/ld+json\" class=\"yoast-schema-graph\">{\"@context\":\"https:\/\/schema.org\",\"@graph\":[{\"@type\":\"WebPage\",\"@id\":\"https:\/\/nscfdcnew.chaus.ca\/get-in-touch\/\",\"url\":\"https:\/\/nscfdcnew.chaus.ca\/get-in-touch\/\",\"name\":\"Get in touch - North Simcoe Business Centre | Mentorship. Support. Loans.\",\"isPartOf\":{\"@id\":\"https:\/\/nscfdcnew.chaus.ca\/#website\"},\"datePublished\":\"2024-10-24T12:10:32+00:00\",\"dateModified\":\"2025-10-06T13:22:39+00:00\",\"description\":\"Interested in seeing how we can help your business grow? Connect with us to explore programs, partnerships, and tools designed to move your business forward. Contact us by email, phone or fill out the contact form and we will be in touch.\",\"breadcrumb\":{\"@id\":\"https:\/\/nscfdcnew.chaus.ca\/get-in-touch\/#breadcrumb\"},\"inLanguage\":\"fr-FR\",\"potentialAction\":[{\"@type\":\"ReadAction\",\"target\":[\"https:\/\/nscfdcnew.chaus.ca\/get-in-touch\/\"]}]},{\"@type\":\"BreadcrumbList\",\"@id\":\"https:\/\/nscfdcnew.chaus.ca\/get-in-touch\/#breadcrumb\",\"itemListElement\":[{\"@type\":\"ListItem\",\"position\":1,\"name\":\"Home\",\"item\":\"https:\/\/nscfdcnew.chaus.ca\/\"},{\"@type\":\"ListItem\",\"position\":2,\"name\":\"Get in touch\"}]},{\"@type\":\"WebSite\",\"@id\":\"https:\/\/nscfdcnew.chaus.ca\/#website\",\"url\":\"https:\/\/nscfdcnew.chaus.ca\/\",\"name\":\"North Simcoe Business Centre | Mentorship. Support. Loans.\",\"description\":\"Where Small Businesses Start, Grow, and Succeed\",\"potentialAction\":[{\"@type\":\"SearchAction\",\"target\":{\"@type\":\"EntryPoint\",\"urlTemplate\":\"https:\/\/nscfdcnew.chaus.ca\/?s={search_term_string}\"},\"query-input\":{\"@type\":\"PropertyValueSpecification\",\"valueRequired\":true,\"valueName\":\"search_term_string\"}}],\"inLanguage\":\"fr-FR\"}]}<\/script>\n<!-- \/ Yoast SEO plugin. -->","yoast_head_json":{"title":"Get in touch - North Simcoe Business Centre | Mentorship. Support. Loans.","description":"Vous souhaitez savoir comment nous pouvons aider votre entreprise \u00e0 se d\u00e9velopper ? Entrez en contact avec nous pour explorer les programmes, les partenariats et les outils con\u00e7us pour faire progresser votre entreprise. Contactez-nous par courriel, par t\u00e9l\u00e9phone ou en remplissant le formulaire de contact et nous vous recontacterons.","robots":{"index":"index","follow":"follow","max-snippet":"max-snippet:-1","max-image-preview":"max-image-preview:large","max-video-preview":"max-video-preview:-1"},"canonical":"https:\/\/nscfdcnew.chaus.ca\/fr\/get-in-touch\/","og_locale":"fr_FR","og_type":"article","og_title":"Get in touch - North Simcoe Business Centre | Mentorship. Support. Loans.","og_description":"Interested in seeing how we can help your business grow? Connect with us to explore programs, partnerships, and tools designed to move your business forward. Contact us by email, phone or fill out the contact form and we will be in touch.","og_url":"https:\/\/nscfdcnew.chaus.ca\/fr\/get-in-touch\/","og_site_name":"North Simcoe Business Centre | Mentorship. Support. Loans.","article_modified_time":"2025-10-06T13:22:39+00:00","twitter_card":"summary_large_image","twitter_misc":{"Dur\u00e9e de lecture estim\u00e9e":"1 minute"},"schema":{"@context":"https:\/\/schema.org","@graph":[{"@type":"WebPage","@id":"https:\/\/nscfdcnew.chaus.ca\/get-in-touch\/","url":"https:\/\/nscfdcnew.chaus.ca\/get-in-touch\/","name":"Get in touch - North Simcoe Business Centre | Mentorship. Support. Loans.","isPartOf":{"@id":"https:\/\/nscfdcnew.chaus.ca\/#website"},"datePublished":"2024-10-24T12:10:32+00:00","dateModified":"2025-10-06T13:22:39+00:00","description":"Vous souhaitez savoir comment nous pouvons aider votre entreprise \u00e0 se d\u00e9velopper ? Entrez en contact avec nous pour explorer les programmes, les partenariats et les outils con\u00e7us pour faire progresser votre entreprise. Contactez-nous par courriel, par t\u00e9l\u00e9phone ou en remplissant le formulaire de contact et nous vous recontacterons.","breadcrumb":{"@id":"https:\/\/nscfdcnew.chaus.ca\/get-in-touch\/#breadcrumb"},"inLanguage":"fr-FR","potentialAction":[{"@type":"ReadAction","target":["https:\/\/nscfdcnew.chaus.ca\/get-in-touch\/"]}]},{"@type":"BreadcrumbList","@id":"https:\/\/nscfdcnew.chaus.ca\/get-in-touch\/#breadcrumb","itemListElement":[{"@type":"ListItem","position":1,"name":"Home","item":"https:\/\/nscfdcnew.chaus.ca\/"},{"@type":"ListItem","position":2,"name":"Get in touch"}]},{"@type":"WebSite","@id":"https:\/\/nscfdcnew.chaus.ca\/#website","url":"https:\/\/nscfdcnew.chaus.ca\/","name":"North Simcoe Business Centre | Mentorship. Support. Loans.","description":"Where Small Businesses Start, Grow, and Succeed","potentialAction":[{"@type":"SearchAction","target":{"@type":"EntryPoint","urlTemplate":"https:\/\/nscfdcnew.chaus.ca\/?s={search_term_string}"},"query-input":{"@type":"PropertyValueSpecification","valueRequired":true,"valueName":"search_term_string"}}],"inLanguage":"fr-FR"}]}},"_links":{"self":[{"href":"https:\/\/nscfdcnew.chaus.ca\/fr\/wp-json\/wp\/v2\/pages\/3292","targetHints":{"allow":["GET"]}}],"collection":[{"href":"https:\/\/nscfdcnew.chaus.ca\/fr\/wp-json\/wp\/v2\/pages"}],"about":[{"href":"https:\/\/nscfdcnew.chaus.ca\/fr\/wp-json\/wp\/v2\/types\/page"}],"author":[{"embeddable":true,"href":"https:\/\/nscfdcnew.chaus.ca\/fr\/wp-json\/wp\/v2\/users\/1"}],"replies":[{"embeddable":true,"href":"https:\/\/nscfdcnew.chaus.ca\/fr\/wp-json\/wp\/v2\/comments?post=3292"}],"version-history":[{"count":40,"href":"https:\/\/nscfdcnew.chaus.ca\/fr\/wp-json\/wp\/v2\/pages\/3292\/revisions"}],"predecessor-version":[{"id":6937,"href":"https:\/\/nscfdcnew.chaus.ca\/fr\/wp-json\/wp\/v2\/pages\/3292\/revisions\/6937"}],"wp:attachment":[{"href":"https:\/\/nscfdcnew.chaus.ca\/fr\/wp-json\/wp\/v2\/media?parent=3292"}],"curies":[{"name":"wp","href":"https:\/\/api.w.org\/{rel}","templated":true}]}}